{"id":1241,"date":"2015-06-18T19:28:43","date_gmt":"2015-06-18T19:28:43","guid":{"rendered":"http:\/\/www.pdi.uema.br\/?page_id=1241"},"modified":"2015-07-29T12:28:11","modified_gmt":"2015-07-29T12:28:11","slug":"materiais-de-consulta","status":"publish","type":"page","link":"https:\/\/www.pdi.uema.br\/?page_id=1241","title":{"rendered":"Materiais de Consulta"},"content":{"rendered":"<p><a class=\"btn btn-block btn-default\" href=\"http:\/\/www.pdi.uema.br\/wp-content\/uploads\/2015\/06\/A-experi\u00eancia-da-Universidade-Federal-do-ABC-UFABC-um-novo-modelo-universit\u00e1rio-para-o-S\u00e9culo-XXI-Prof.-D\u00e1cio-UFABC.pdf\" target=\"_blank\">A experi\u00eancia da Universidade Federal do ABC (UFABC) &#8211; Prof. D\u00e1cio (UFABC)<\/a><\/p>\n<p><a class=\"btn btn-block btn-default\" href=\"http:\/\/www.pdi.uema.br\/wp-content\/uploads\/2015\/06\/Por-uma-Universidade-Inovadora-Ozires-Silva.pdf\" target=\"_blank\">Por uma Universidade Inovadora &#8211; Ozires Silva<\/a><\/p>\n<p><a class=\"btn btn-block btn-default\" href=\"http:\/\/www.pdi.uema.br\/wp-content\/uploads\/2015\/06\/Ser-Universidade-no-S\u00e9culo-XXI-Horizontes-e-Desafios-para-uma-NOVA-UEMA-Pedro-Melo-UFSC.pdf\" target=\"_blank\">Ser Universidade no S\u00e9culo XXI &#8211; Horizontes e Desafios para uma NOVA UEMA &#8211; Pedro Melo (UFSC)<\/a><\/p>\n<p><a class=\"btn btn-block btn-default\" href=\"http:\/\/www.pdi.uema.br\/wp-content\/uploads\/2015\/06\/A-Universidade-P\u00fablica-na-Am\u00e9rica-Latina-Claudio-Rama.pdf\" target=\"_blank\">A Universidade P\u00fablica na Am\u00e9rica Latina &#8211; Claudio Rama<\/a><\/p>\n","protected":false},"excerpt":{"rendered":"<p>A experi\u00eancia da Universidade Federal do ABC (UFABC) &#8211; Prof. D\u00e1cio (UFABC) Por uma Universidade Inovadora &#8211; Ozires Silva Ser Universidade no S\u00e9culo XXI &#8211; Horizontes e Desafios para uma NOVA UEMA &#8211; Pedro Melo (UFSC) A Universidade P\u00fablica na Am\u00e9rica Latina &#8211; Claudio Rama<\/p>\n","protected":false},"author":2,"featured_media":0,"parent":139,"menu_order":0,"comment_status":"open","ping_status":"open","template":"","meta":{"footnotes":""},"class_list":["post-1241","page","type-page","status-publish"],"_links":{"self":[{"href":"https:\/\/www.pdi.uema.br\/index.php?rest_route=\/wp\/v2\/pages\/1241","targetHints":{"allow":["GET"]}}],"collection":[{"href":"https:\/\/www.pdi.uema.br\/index.php?rest_route=\/wp\/v2\/pages"}],"about":[{"href":"https:\/\/www.pdi.uema.br\/index.php?rest_route=\/wp\/v2\/types\/page"}],"author":[{"embeddable":true,"href":"https:\/\/www.pdi.uema.br\/index.php?rest_route=\/wp\/v2\/users\/2"}],"replies":[{"embeddable":true,"href":"https:\/\/www.pdi.uema.br\/index.php?rest_route=%2Fwp%2Fv2%2Fcomments&post=1241"}],"version-history":[{"count":5,"href":"https:\/\/www.pdi.uema.br\/index.php?rest_route=\/wp\/v2\/pages\/1241\/revisions"}],"predecessor-version":[{"id":1585,"href":"https:\/\/www.pdi.uema.br\/index.php?rest_route=\/wp\/v2\/pages\/1241\/revisions\/1585"}],"up":[{"embeddable":true,"href":"https:\/\/www.pdi.uema.br\/index.php?rest_route=\/wp\/v2\/pages\/139"}],"wp:attachment":[{"href":"https:\/\/www.pdi.uema.br\/index.php?rest_route=%2Fwp%2Fv2%2Fmedia&parent=1241"}],"curies":[{"name":"wp","href":"https:\/\/api.w.org\/{rel}","templated":true}]}}