{"id":128,"date":"2015-04-13T09:39:36","date_gmt":"2015-04-13T09:39:36","guid":{"rendered":"http:\/\/www.pdi.uema.br\/?page_id=128"},"modified":"2020-06-03T13:18:08","modified_gmt":"2020-06-03T13:18:08","slug":"pagina-inicial","status":"publish","type":"page","link":"https:\/\/www.pdi.uema.br\/?page_id=128","title":{"rendered":"Elabora\u00e7\u00e3o"},"content":{"rendered":"<div class=\"row\">\n<p><!-- ####### COMISS\u00c3O EXECUTIVA ####### --><\/p>\n<div class=\"col-md-4 col-sm-12\">\n<div class=\"thumbnail\">\n<div class=\"caption\">\n<h2 class=\"text-center\">Comiss\u00e3o Executiva<\/h2>\n<p class=\"text-center\">Perfil Institucional e Diretrizes Estrat\u00e9gicas<\/p>\n<p class=\"text-center small\"><b>Pres. Antonio Roberto Coelho Serra<\/b><\/p>\n<p class=\"text-center\">\n<p class=\"text-center\"><a class=\"btn btn-primary link-center\" style=\"color: #fff;\" href=\"http:\/\/www.pdi.uema.br\/?page_id=139\">Acessar<\/a><\/p>\n<\/div>\n<\/div>\n<\/div>\n<p><!-- ####### COMISS\u00c3O AVALIATIVA ####### --><\/p>\n<div class=\"col-md-4 col-sm-12\">\n<div class=\"thumbnail\">\n<div class=\"caption\">\n<h2 class=\"text-center\">Comiss\u00e3o Avaliativa<\/h2>\n<p class=\"text-center\">Avalia\u00e7\u00e3o do processo de constru\u00e7\u00e3o do PDI<\/p>\n<p class=\"text-center small\"><b>Pres. Walter Canales Sant\u2019Ana<\/b><\/p>\n<p class=\"text-center\">\n<p class=\"text-center\"><a class=\"btn btn-primary link-center\" style=\"color: #fff;\" href=\"http:\/\/www.pdi.uema.br\/?page_id=299\">Acessar<\/a><\/p>\n<\/div>\n<\/div>\n<\/div>\n<p><!-- ####### COMISS\u00c3O 1 ####### --><\/p>\n<div class=\"col-md-4 col-sm-12\">\n<div class=\"thumbnail\">\n<div class=\"caption\">\n<h2 class=\"text-center\">Comiss\u00e3o Tem\u00e1tica 1<\/h2>\n<p class=\"text-center\">[glossary]PPI[\/glossary] e Plano de oferta de cursos<\/p>\n<p class=\"text-center small\"><b>Pres. Andr\u00e9a de Ara\u00fajo<\/b><\/p>\n<p class=\"text-center small\">\n<p class=\"text-center\">\n<p class=\"text-center\"><a class=\"btn btn-primary\" style=\"color: #fff;\" href=\"http:\/\/www.pdi.uema.br\/?page_id=278\">Acessar<\/a><\/p>\n<\/div>\n<\/div>\n<\/div>\n<\/div>\n<div class=\"row\">\n<p><!-- ####### COMISS\u00c3O 2 ####### --><\/p>\n<div class=\"col-md-4 col-sm-12\">\n<div class=\"thumbnail\">\n<div class=\"caption\">\n<h2 class=\"text-center\">Comiss\u00e3o Tem\u00e1tica 2<\/h2>\n<p class=\"text-center\">Corpo docente<\/p>\n<p class=\"text-center small\"><b>Pres. Marcelo Cheche Galves<\/b><\/p>\n<p class=\"text-center\">\n<p class=\"text-center\">\n<p class=\"text-center\"><a class=\"btn btn-primary\" style=\"color: #fff;\" href=\"http:\/\/www.pdi.uema.br\/?page_id=282\">Acessar<\/a><\/p>\n<\/div>\n<\/div>\n<\/div>\n<p><!-- ####### COMISS\u00c3O 3 ####### --><\/p>\n<div class=\"col-md-4 col-sm-12\">\n<div class=\"thumbnail\">\n<div class=\"caption\">\n<h2 class=\"text-center\">Comiss\u00e3o Tem\u00e1tica 3<\/h2>\n<p class=\"text-center\">Corpo t\u00e9cnico-administrativo<\/p>\n<p class=\"text-center small\"><b>Pres. C\u00e9lio de Oliveira Gama<\/b><\/p>\n<p class=\"text-center\">\n<p class=\"text-center\"><a class=\"btn btn-primary\" style=\"color: #fff;\" href=\"http:\/\/www.pdi.uema.br\/?page_id=288\">Acessar<\/a><\/p>\n<\/div>\n<\/div>\n<\/div>\n<p><!-- ####### COMISS\u00c3O 4 ####### --><\/p>\n<div class=\"col-md-4 col-sm-12\">\n<div class=\"thumbnail\">\n<div class=\"caption\">\n<h2 class=\"text-center\">Comiss\u00e3o Tem\u00e1tica 4<\/h2>\n<p class=\"text-center\">Organiza\u00e7\u00e3o administrativa<\/p>\n<p class=\"text-center small\"><b>Pres. Gilson Martins Mendon\u00e7a<\/b><\/p>\n<p class=\"text-center\">\n<p class=\"text-center\"><a class=\"btn btn-primary\" style=\"color: #fff;\" href=\"http:\/\/www.pdi.uema.br\/?page_id=1518\">Acessar<\/a><\/p>\n<\/div>\n<\/div>\n<\/div>\n<\/div>\n<div class=\"row\">\n<p><!-- ####### COMISS\u00c3O 5 ####### --><\/p>\n<div class=\"col-md-4 col-sm-12\">\n<div class=\"thumbnail\">\n<div class=\"caption\">\n<h2 class=\"text-center\">Comiss\u00e3o Tem\u00e1tica 5<\/h2>\n<p class=\"text-center\">Pol\u00edtica de atendimento aos discentes<\/p>\n<p class=\"text-center small\"><b>Pres. Porf\u00edrio Candanedo Guerra<\/b><\/p>\n<p class=\"text-center\">\n<p class=\"text-center\">\n<p class=\"text-center\"><a class=\"btn btn-primary\" style=\"color: #fff;\" href=\"http:\/\/www.pdi.uema.br\/?page_id=290\">Acessar<\/a><\/p>\n<\/div>\n<\/div>\n<\/div>\n<p><!-- ####### COMISS\u00c3O 6 ####### --><\/p>\n<div class=\"col-md-4 col-sm-12\">\n<div class=\"thumbnail\">\n<div class=\"caption\">\n<h2 class=\"text-center\">Comiss\u00e3o Tem\u00e1tica 6<\/h2>\n<p class=\"text-center\">Infraestrutura e instala\u00e7\u00f5es<\/p>\n<p class=\"text-center small\"><b>Pres. Walter Canales Sant\u2019ana<\/b><\/p>\n<p class=\"text-center\">\n<p class=\"text-center\">\n<p class=\"text-center\"><a class=\"btn btn-primary\" style=\"color: #fff;\" href=\"http:\/\/www.pdi.uema.br\/?page_id=293\">Acessar<\/a><\/p>\n<\/div>\n<\/div>\n<\/div>\n<p><!-- ####### COMISS\u00c3O 7 ####### --><\/p>\n<div class=\"col-md-4 col-sm-12\">\n<div class=\"thumbnail\">\n<div class=\"caption\">\n<h2 class=\"text-center\">Comiss\u00e3o Tem\u00e1tica 7<\/h2>\n<p class=\"text-center\">Capacidade e sustentabilidade financeira<\/p>\n<p class=\"text-center small\"><b>Pres. Jos\u00e9 Ribamar Pereira Soares Filho<\/b><\/p>\n<p class=\"text-center\">\n<p class=\"text-center\"><a class=\"btn btn-primary\" style=\"color: #fff;\" href=\"http:\/\/www.pdi.uema.br\/?page_id=296\">Acessar<\/a><\/p>\n<\/div>\n<\/div>\n<\/div>\n<\/div>\n<div class=\"row\">\n<p><!-- ####### COMISS\u00c3O 8 ####### --><\/p>\n<div class=\"col-md-4 col-sm-12\">\n<div class=\"thumbnail\">\n<div class=\"caption\">\n<h2 class=\"text-center\">Comiss\u00e3o Tem\u00e1tica 8<\/h2>\n<p class=\"text-center\">Avalia\u00e7\u00e3o e acompanhamento do desenvolvimento institucional<\/p>\n<p class=\"text-center small\"><b>Pres. Francisco N\u00f3brega dos Santos<\/b><\/p>\n<p class=\"text-center\">\n<p class=\"text-center\"><a class=\"btn btn-primary\" style=\"color: #fff;\" href=\"http:\/\/www.pdi.uema.br\/?page_id=1533\">Acessar<\/a><\/p>\n<\/div>\n<\/div>\n<\/div>\n<p><!-- ####### COMISS\u00d5ES REGIONAIS ####### --><\/p>\n<div class=\"col-md-4 col-sm-12\">\n<div class=\"thumbnail\">\n<div class=\"caption\">\n<h2 class=\"text-center\">Comiss\u00f5es Regionais<\/h2>\n<p class=\"text-center\">\n<p class=\"text-center small\">\n<p class=\"text-center small\">\n<p class=\"text-center\">\n<p class=\"text-center\">\n<p class=\"text-center\">\n<p class=\"text-center\">\n<p class=\"text-center\"><a class=\"btn btn-primary link-center\" style=\"color: #fff;\" href=\"http:\/\/www.pdi.uema.br\/?page_id=1546\">Acessar<\/a><\/p>\n<\/div>\n<\/div>\n<\/div>\n<\/div>\n","protected":false},"excerpt":{"rendered":"<p>Comiss\u00e3o Executiva Perfil Institucional e Diretrizes Estrat\u00e9gicas Pres. Antonio Roberto Coelho Serra Acessar Comiss\u00e3o Avaliativa Avalia\u00e7\u00e3o do processo de constru\u00e7\u00e3o do PDI Pres. Walter Canales Sant\u2019Ana Acessar Comiss\u00e3o Tem\u00e1tica 1 [glossary]PPI[\/glossary] e Plano de oferta de cursos Pres. Andr\u00e9a de Ara\u00fajo Acessar Comiss\u00e3o Tem\u00e1tica 2 Corpo docente Pres. Marcelo Cheche Galves Acessar Comiss\u00e3o Tem\u00e1tica 3<\/p>\n<div class=\"read-more\"><a href=\"https:\/\/www.pdi.uema.br\/?page_id=128\" title=\"Leia Mais\">Leia Mais<\/a><\/div>\n","protected":false},"author":2,"featured_media":0,"parent":4497,"menu_order":0,"comment_status":"open","ping_status":"open","template":"","meta":{"footnotes":""},"class_list":["post-128","page","type-page","status-publish"],"_links":{"self":[{"href":"https:\/\/www.pdi.uema.br\/index.php?rest_route=\/wp\/v2\/pages\/128","targetHints":{"allow":["GET"]}}],"collection":[{"href":"https:\/\/www.pdi.uema.br\/index.php?rest_route=\/wp\/v2\/pages"}],"about":[{"href":"https:\/\/www.pdi.uema.br\/index.php?rest_route=\/wp\/v2\/types\/page"}],"author":[{"embeddable":true,"href":"https:\/\/www.pdi.uema.br\/index.php?rest_route=\/wp\/v2\/users\/2"}],"replies":[{"embeddable":true,"href":"https:\/\/www.pdi.uema.br\/index.php?rest_route=%2Fwp%2Fv2%2Fcomments&post=128"}],"version-history":[{"count":114,"href":"https:\/\/www.pdi.uema.br\/index.php?rest_route=\/wp\/v2\/pages\/128\/revisions"}],"predecessor-version":[{"id":3734,"href":"https:\/\/www.pdi.uema.br\/index.php?rest_route=\/wp\/v2\/pages\/128\/revisions\/3734"}],"up":[{"embeddable":true,"href":"https:\/\/www.pdi.uema.br\/index.php?rest_route=\/wp\/v2\/pages\/4497"}],"wp:attachment":[{"href":"https:\/\/www.pdi.uema.br\/index.php?rest_route=%2Fwp%2Fv2%2Fmedia&parent=128"}],"curies":[{"name":"wp","href":"https:\/\/api.w.org\/{rel}","templated":true}]}}