{"id":1508,"date":"2015-07-21T12:58:43","date_gmt":"2015-07-21T12:58:43","guid":{"rendered":"http:\/\/www.pdi.uema.br\/?page_id=1508"},"modified":"2015-08-27T14:26:15","modified_gmt":"2015-08-27T14:26:15","slug":"integrantes","status":"publish","type":"page","link":"https:\/\/www.pdi.uema.br\/?page_id=1508","title":{"rendered":"Integrantes"},"content":{"rendered":"<style>\n.post-content li {\n  list-style: square;\n  margin-left: 72px;\n}\n.recuolista {\n  list-style: none !important;\n  margin-left: 82px !important;\n}\n<\/style>\n<h3>Integrantes da Comiss\u00e3o Tem\u00e1tica PPI e Plano de Oferta de Cursos:<\/h3>\n<ul>\n<li>Andr\u00e9a de Ara\u00fajo<\/li>\n<ul>\n<li class=\"recuolista\"><small><em>Presidente<\/em><\/small><\/li>\n<li class=\"recuolista\"><small><em>E-mail: deca.andrea90@gmail.com<\/em><\/small><\/li>\n<\/ul>\n<li>Ana L\u00facia Duarte<\/li>\n<ul>\n<li class=\"recuolista\"><small><em>E-mail: duart_ana@hotmail.com<\/em><\/small><\/li>\n<\/ul>\n<li>Creuzimar Leit\u00e3o Siqueira<\/li>\n<ul>\n<li class=\"recuolista\"><small><em>E-mail: creusimarsc@yahoo.com.br<\/em><\/small><\/li>\n<\/ul>\n<li>Marluce Wall de Carvalho Ven\u00e2ncio<\/li>\n<ul>\n<li class=\"recuolista\"><small><em>E-mail: marlucewall@gmail.com<\/em><\/small><\/li>\n<\/ul>\n<li>Jos\u00e9 Antonio Ribeiro de Carvalho<\/li>\n<ul>\n<li class=\"recuolista\"><small><em>E-mail: josearc5@yahoo.com.br<\/em><\/small><\/li>\n<\/ul>\n<li>Regina C\u00e9lia de Castro Pereira<\/li>\n<ul>\n<li class=\"recuolista\"><small><em>E-mail: rdecastropereira@yahoo.com.br<\/em><\/small><\/li>\n<\/ul>\n<li>Ilka M\u00e1rcia R. de Souza Serra<\/li>\n<ul>\n<li class=\"recuolista\"><small><em>E-mail: ilka.tt@gmail.com<\/em><\/small><\/li>\n<\/ul>\n<\/ul>\n","protected":false},"excerpt":{"rendered":"<p>Integrantes da Comiss\u00e3o Tem\u00e1tica PPI e Plano de Oferta de Cursos: Andr\u00e9a de Ara\u00fajo Presidente E-mail: deca.andrea90@gmail.com Ana L\u00facia Duarte E-mail: duart_ana@hotmail.com Creuzimar Leit\u00e3o Siqueira E-mail: creusimarsc@yahoo.com.br Marluce Wall de Carvalho Ven\u00e2ncio E-mail: marlucewall@gmail.com Jos\u00e9 Antonio Ribeiro de Carvalho E-mail: josearc5@yahoo.com.br Regina C\u00e9lia de Castro Pereira E-mail: rdecastropereira@yahoo.com.br Ilka M\u00e1rcia R. de Souza Serra E-mail:<\/p>\n<div class=\"read-more\"><a href=\"https:\/\/www.pdi.uema.br\/?page_id=1508\" title=\"Leia Mais\">Leia Mais<\/a><\/div>\n","protected":false},"author":2,"featured_media":0,"parent":278,"menu_order":0,"comment_status":"open","ping_status":"open","template":"","meta":{"footnotes":""},"class_list":["post-1508","page","type-page","status-publish"],"_links":{"self":[{"href":"https:\/\/www.pdi.uema.br\/index.php?rest_route=\/wp\/v2\/pages\/1508","targetHints":{"allow":["GET"]}}],"collection":[{"href":"https:\/\/www.pdi.uema.br\/index.php?rest_route=\/wp\/v2\/pages"}],"about":[{"href":"https:\/\/www.pdi.uema.br\/index.php?rest_route=\/wp\/v2\/types\/page"}],"author":[{"embeddable":true,"href":"https:\/\/www.pdi.uema.br\/index.php?rest_route=\/wp\/v2\/users\/2"}],"replies":[{"embeddable":true,"href":"https:\/\/www.pdi.uema.br\/index.php?rest_route=%2Fwp%2Fv2%2Fcomments&post=1508"}],"version-history":[{"count":6,"href":"https:\/\/www.pdi.uema.br\/index.php?rest_route=\/wp\/v2\/pages\/1508\/revisions"}],"predecessor-version":[{"id":1886,"href":"https:\/\/www.pdi.uema.br\/index.php?rest_route=\/wp\/v2\/pages\/1508\/revisions\/1886"}],"up":[{"embeddable":true,"href":"https:\/\/www.pdi.uema.br\/index.php?rest_route=\/wp\/v2\/pages\/278"}],"wp:attachment":[{"href":"https:\/\/www.pdi.uema.br\/index.php?rest_route=%2Fwp%2Fv2%2Fmedia&parent=1508"}],"curies":[{"name":"wp","href":"https:\/\/api.w.org\/{rel}","templated":true}]}}