{"id":1511,"date":"2015-07-21T13:05:34","date_gmt":"2015-07-21T13:05:34","guid":{"rendered":"http:\/\/www.pdi.uema.br\/?page_id=1511"},"modified":"2015-08-27T16:33:40","modified_gmt":"2015-08-27T16:33:40","slug":"integrantes","status":"publish","type":"page","link":"https:\/\/www.pdi.uema.br\/?page_id=1511","title":{"rendered":"Integrantes"},"content":{"rendered":"<style>\n.post-content li {\n  list-style: square;\n  margin-left: 72px;\n}\n.recuolista {\n  list-style: none !important;\n  margin-left: 82px !important;\n}\n<\/style>\n<h3>Integrantes da Comiss\u00e3o Tem\u00e1tica Corpo Docente:<\/h3>\n<ul>\n<li>Marcelo Cheche Galves<\/li>\n<ul>\n<li class=\"recuolista\"><small><em>Presidente<\/em><\/small><\/li>\n<li class=\"recuolista\"><small><em>E-mail: marcelochecheppg@gmail.com<\/em><\/small><\/li>\n<\/ul>\n<li>Mivaldo Alvares de Oliveira<\/li>\n<li>Patr\u00edcia Maria Portela Nunes<\/li>\n<li>Antonia Alice Costa Rodrigues<\/li>\n<ul>\n<li class=\"recuolista\"><small><em>E-mail: aacrodrigues@outlook.com<\/em><\/small><\/li>\n<\/ul>\n<li>Fabr\u00edcio de Oliveira Reis<\/li>\n<ul>\n<li class=\"recuolista\"><small><em>E-mail: fareoli@gmail.com<\/em><\/small><\/li>\n<\/ul>\n<li>Adilton Pereira Andrade Cunha<\/li>\n<ul>\n<li class=\"recuolista\"><small><em>E-mail: adiltoncuha08@gmail.com<\/em><\/small><\/li>\n<\/ul>\n<li>M\u00f4nica Piccollo Almeida<\/li>\n<ul>\n<li class=\"recuolista\"><small><em>E-mail: monica.piccolo@uol.com.br<\/em><\/small><\/li>\n<\/ul>\n<\/ul>\n","protected":false},"excerpt":{"rendered":"<p>Integrantes da Comiss\u00e3o Tem\u00e1tica Corpo Docente: Marcelo Cheche Galves Presidente E-mail: marcelochecheppg@gmail.com Mivaldo Alvares de Oliveira Patr\u00edcia Maria Portela Nunes Antonia Alice Costa Rodrigues E-mail: aacrodrigues@outlook.com Fabr\u00edcio de Oliveira Reis E-mail: fareoli@gmail.com Adilton Pereira Andrade Cunha E-mail: adiltoncuha08@gmail.com M\u00f4nica Piccollo Almeida E-mail: monica.piccolo@uol.com.br<\/p>\n","protected":false},"author":2,"featured_media":0,"parent":282,"menu_order":0,"comment_status":"open","ping_status":"open","template":"","meta":{"footnotes":""},"class_list":["post-1511","page","type-page","status-publish"],"_links":{"self":[{"href":"https:\/\/www.pdi.uema.br\/index.php?rest_route=\/wp\/v2\/pages\/1511","targetHints":{"allow":["GET"]}}],"collection":[{"href":"https:\/\/www.pdi.uema.br\/index.php?rest_route=\/wp\/v2\/pages"}],"about":[{"href":"https:\/\/www.pdi.uema.br\/index.php?rest_route=\/wp\/v2\/types\/page"}],"author":[{"embeddable":true,"href":"https:\/\/www.pdi.uema.br\/index.php?rest_route=\/wp\/v2\/users\/2"}],"replies":[{"embeddable":true,"href":"https:\/\/www.pdi.uema.br\/index.php?rest_route=%2Fwp%2Fv2%2Fcomments&post=1511"}],"version-history":[{"count":7,"href":"https:\/\/www.pdi.uema.br\/index.php?rest_route=\/wp\/v2\/pages\/1511\/revisions"}],"predecessor-version":[{"id":1889,"href":"https:\/\/www.pdi.uema.br\/index.php?rest_route=\/wp\/v2\/pages\/1511\/revisions\/1889"}],"up":[{"embeddable":true,"href":"https:\/\/www.pdi.uema.br\/index.php?rest_route=\/wp\/v2\/pages\/282"}],"wp:attachment":[{"href":"https:\/\/www.pdi.uema.br\/index.php?rest_route=%2Fwp%2Fv2%2Fmedia&parent=1511"}],"curies":[{"name":"wp","href":"https:\/\/api.w.org\/{rel}","templated":true}]}}