{"id":1523,"date":"2015-07-21T13:33:12","date_gmt":"2015-07-21T13:33:12","guid":{"rendered":"http:\/\/www.pdi.uema.br\/?page_id=1523"},"modified":"2015-08-27T16:55:10","modified_gmt":"2015-08-27T16:55:10","slug":"integrantes","status":"publish","type":"page","link":"https:\/\/www.pdi.uema.br\/?page_id=1523","title":{"rendered":"Integrantes"},"content":{"rendered":"<style>\n.post-content li {\n  list-style: square;\n  margin-left: 72px;\n}\n.recuolista {\n  list-style: none !important;\n  margin-left: 82px !important;\n}\n<\/style>\n<h3>Integrantes da Comiss\u00e3o Tem\u00e1tica de Pol\u00edtica de Atendimento ao Discente:<\/h3>\n<ul>\n<li>Porf\u00edrio Candanedo Guerra<\/li>\n<ul>\n<li class=\"recuolista\"><small><em>Presidente<\/em><\/small><\/li>\n<li class=\"recuolista\"><small><em>E-mail: porfirio_uema@yahoo.com.br<\/em><\/small><\/li>\n<\/ul>\n<li>Maria das Gra\u00e7a Nery Ferreira<\/li>\n<li>Mar\u00edlia Albuquerque de Sousa Martins<\/li>\n<ul>\n<li class=\"recuolista\"><small><em>E-mail: cljm@uol.com.br<\/em><\/small><\/li>\n<\/ul>\n<li>Joaquim Vilanova Assun\u00e7\u00e3o Neto<\/li>\n<ul>\n<li class=\"recuolista\"><small><em>E-mail: quincasvilaneto@hotmail.com<\/em><\/small><\/li>\n<\/ul>\n<li>Maria Jos\u00e9 Rabelo Arouche<\/li>\n<li>Francisco Jos\u00e9 Ara\u00fajo<\/li>\n<ul>\n<li class=\"recuolista\"><small><em>E-mail: franciscoaraujo@gmail.com<\/em><\/small><\/li>\n<\/ul>\n<li>Helciane de F\u00e1tima Abreu Ara\u00fajo<\/li>\n<ul>\n<li class=\"recuolista\"><small><em>E-mail: helcianearaujo@hotmail.com<\/em><\/small><\/li>\n<\/ul>\n<\/ul>\n","protected":false},"excerpt":{"rendered":"<p>Integrantes da Comiss\u00e3o Tem\u00e1tica de Pol\u00edtica de Atendimento ao Discente: Porf\u00edrio Candanedo Guerra Presidente E-mail: porfirio_uema@yahoo.com.br Maria das Gra\u00e7a Nery Ferreira Mar\u00edlia Albuquerque de Sousa Martins E-mail: cljm@uol.com.br Joaquim Vilanova Assun\u00e7\u00e3o Neto E-mail: quincasvilaneto@hotmail.com Maria Jos\u00e9 Rabelo Arouche Francisco Jos\u00e9 Ara\u00fajo E-mail: franciscoaraujo@gmail.com Helciane de F\u00e1tima Abreu Ara\u00fajo E-mail: helcianearaujo@hotmail.com<\/p>\n","protected":false},"author":2,"featured_media":0,"parent":290,"menu_order":0,"comment_status":"open","ping_status":"open","template":"","meta":{"footnotes":""},"class_list":["post-1523","page","type-page","status-publish"],"_links":{"self":[{"href":"https:\/\/www.pdi.uema.br\/index.php?rest_route=\/wp\/v2\/pages\/1523","targetHints":{"allow":["GET"]}}],"collection":[{"href":"https:\/\/www.pdi.uema.br\/index.php?rest_route=\/wp\/v2\/pages"}],"about":[{"href":"https:\/\/www.pdi.uema.br\/index.php?rest_route=\/wp\/v2\/types\/page"}],"author":[{"embeddable":true,"href":"https:\/\/www.pdi.uema.br\/index.php?rest_route=\/wp\/v2\/users\/2"}],"replies":[{"embeddable":true,"href":"https:\/\/www.pdi.uema.br\/index.php?rest_route=%2Fwp%2Fv2%2Fcomments&post=1523"}],"version-history":[{"count":5,"href":"https:\/\/www.pdi.uema.br\/index.php?rest_route=\/wp\/v2\/pages\/1523\/revisions"}],"predecessor-version":[{"id":1898,"href":"https:\/\/www.pdi.uema.br\/index.php?rest_route=\/wp\/v2\/pages\/1523\/revisions\/1898"}],"up":[{"embeddable":true,"href":"https:\/\/www.pdi.uema.br\/index.php?rest_route=\/wp\/v2\/pages\/290"}],"wp:attachment":[{"href":"https:\/\/www.pdi.uema.br\/index.php?rest_route=%2Fwp%2Fv2%2Fmedia&parent=1523"}],"curies":[{"name":"wp","href":"https:\/\/api.w.org\/{rel}","templated":true}]}}