{"id":1533,"date":"2015-07-21T17:08:53","date_gmt":"2015-07-21T17:08:53","guid":{"rendered":"http:\/\/www.pdi.uema.br\/?page_id=1533"},"modified":"2015-11-03T20:25:26","modified_gmt":"2015-11-03T20:25:26","slug":"comissao-tematica-8","status":"publish","type":"page","link":"https:\/\/www.pdi.uema.br\/?page_id=1533","title":{"rendered":"Comiss\u00e3o Tem\u00e1tica 8"},"content":{"rendered":"<h2>Comiss\u00e3o Tem\u00e1tica 8: <small>Avalia\u00e7\u00e3o e Acompanhamento do Desenvolvimento Institucional<\/small><\/h2>\n<div class=\"row\">\n<div class=\"col-md-12\">\n<ul>\n<li><a class=\"btn btn-block btn-default btn-lg\" href=\"http:\/\/www.pdi.uema.br\/?page_id=1539\"><i class=\"fa fa-users\"><\/i> Integrantes<\/a><\/li>\n<li><a class=\"btn btn-block btn-default btn-lg disabled\" href=\"#\"><i class=\"fa fa-comments\"><\/i> F\u00f3runs<\/a><\/li>\n<li><a class=\"btn btn-block btn-default btn-lg disabled\" href=\"#\"><i class=\"fa fa-check-square-o\"><\/i> Enquetes<\/a><\/li>\n<li><a class=\"btn btn-block btn-default btn-lg disabled\" href=\"#\"><i class=\"fa fa-ellipsis-v\"><\/i> Question\u00e1rios<\/a><\/li>\n<li><a class=\"btn btn-block btn-default btn-lg\" href=\"http:\/\/www.pdi.uema.br\/?cat=25\"><i class=\"fa fa-file-o\"><\/i> Atas<\/a><\/li>\n<li><a class=\"btn btn-block btn-default btn-lg\" href=\"http:\/\/www.pdi.uema.br\/?page_id=1717\"><i class=\"fa fa-file-text-o\"><\/i> Materiais de Consulta<\/a><\/li>\n<\/ul>\n<div class=\"thumbnail\">\n<h4>Deixe uma Sugest\u00e3o<\/h4>\n<p>[contact-form-7 id=&#8221;151&#8243; title=&#8221;Deixe uma Sugest\u00e3o&#8221;]<\/p>\n<\/div>\n<\/div>\n<\/div>\n","protected":false},"excerpt":{"rendered":"<p>Comiss\u00e3o Tem\u00e1tica 8: Avalia\u00e7\u00e3o e Acompanhamento do Desenvolvimento Institucional Integrantes F\u00f3runs Enquetes Question\u00e1rios Atas Materiais de Consulta Deixe uma Sugest\u00e3o [contact-form-7 id=&#8221;151&#8243; title=&#8221;Deixe uma Sugest\u00e3o&#8221;]<\/p>\n","protected":false},"author":2,"featured_media":0,"parent":128,"menu_order":0,"comment_status":"open","ping_status":"open","template":"","meta":{"footnotes":""},"class_list":["post-1533","page","type-page","status-publish"],"_links":{"self":[{"href":"https:\/\/www.pdi.uema.br\/index.php?rest_route=\/wp\/v2\/pages\/1533","targetHints":{"allow":["GET"]}}],"collection":[{"href":"https:\/\/www.pdi.uema.br\/index.php?rest_route=\/wp\/v2\/pages"}],"about":[{"href":"https:\/\/www.pdi.uema.br\/index.php?rest_route=\/wp\/v2\/types\/page"}],"author":[{"embeddable":true,"href":"https:\/\/www.pdi.uema.br\/index.php?rest_route=\/wp\/v2\/users\/2"}],"replies":[{"embeddable":true,"href":"https:\/\/www.pdi.uema.br\/index.php?rest_route=%2Fwp%2Fv2%2Fcomments&post=1533"}],"version-history":[{"count":5,"href":"https:\/\/www.pdi.uema.br\/index.php?rest_route=\/wp\/v2\/pages\/1533\/revisions"}],"predecessor-version":[{"id":3569,"href":"https:\/\/www.pdi.uema.br\/index.php?rest_route=\/wp\/v2\/pages\/1533\/revisions\/3569"}],"up":[{"embeddable":true,"href":"https:\/\/www.pdi.uema.br\/index.php?rest_route=\/wp\/v2\/pages\/128"}],"wp:attachment":[{"href":"https:\/\/www.pdi.uema.br\/index.php?rest_route=%2Fwp%2Fv2%2Fmedia&parent=1533"}],"curies":[{"name":"wp","href":"https:\/\/api.w.org\/{rel}","templated":true}]}}