{"id":1539,"date":"2015-07-21T17:14:41","date_gmt":"2015-07-21T17:14:41","guid":{"rendered":"http:\/\/www.pdi.uema.br\/?page_id=1539"},"modified":"2015-08-27T17:14:29","modified_gmt":"2015-08-27T17:14:29","slug":"integrantes","status":"publish","type":"page","link":"https:\/\/www.pdi.uema.br\/?page_id=1539","title":{"rendered":"Integrantes"},"content":{"rendered":"<style>\n.post-content li {\n  list-style: square;\n  margin-left: 72px;\n}\n.recuolista {\n  list-style: none !important;\n  margin-left: 82px !important;\n}\n<\/style>\n<h3>Integrantes da Comiss\u00e3o Tem\u00e1tica Avalia\u00e7\u00e3o e Acompanhamento do Desenvolvimento Institucional:<\/h3>\n<ul>\n<li>Francisco N\u00f3brega dos Santos<\/li>\n<ul>\n<li class=\"recuolista\"><small><em>Presidente<\/em><\/small><\/li>\n<li class=\"recuolista\"><small><em>E-mail: nobregacca@hotmail.com<\/em><\/small><\/li>\n<\/ul>\n<li>Laura Rodrigues dos Santos<\/li>\n<li>Eliza Flora Muniz Ara\u00fajo<\/li>\n<ul>\n<li class=\"recuolista\"><small><em>E-mail: eliza.uemanet@gmail.com<\/em><\/small><\/li>\n<\/ul>\n<li>Wellington de Assun\u00e7\u00e3o<\/li>\n<ul>\n<li class=\"recuolista\"><small><em>E-mail: wellinton.assuncao@bol.com.br<\/em><\/small><\/li>\n<\/ul>\n<li>Sandra Imaculada M. Neto<\/li>\n<li>Francisca Neide Costa<\/li>\n<li>Maria das Gra\u00e7as Corr\u00eaa Mendes<\/li>\n<ul>\n<li class=\"recuolista\"><small><em>E-mail: gracca_mendes@hotmail.com<\/em><\/small><\/li>\n<\/ul>\n<\/ul>\n","protected":false},"excerpt":{"rendered":"<p>Integrantes da Comiss\u00e3o Tem\u00e1tica Avalia\u00e7\u00e3o e Acompanhamento do Desenvolvimento Institucional: Francisco N\u00f3brega dos Santos Presidente E-mail: nobregacca@hotmail.com Laura Rodrigues dos Santos Eliza Flora Muniz Ara\u00fajo E-mail: eliza.uemanet@gmail.com Wellington de Assun\u00e7\u00e3o E-mail: wellinton.assuncao@bol.com.br Sandra Imaculada M. Neto Francisca Neide Costa Maria das Gra\u00e7as Corr\u00eaa Mendes E-mail: gracca_mendes@hotmail.com<\/p>\n","protected":false},"author":2,"featured_media":0,"parent":1533,"menu_order":0,"comment_status":"open","ping_status":"open","template":"","meta":{"footnotes":""},"class_list":["post-1539","page","type-page","status-publish"],"_links":{"self":[{"href":"https:\/\/www.pdi.uema.br\/index.php?rest_route=\/wp\/v2\/pages\/1539","targetHints":{"allow":["GET"]}}],"collection":[{"href":"https:\/\/www.pdi.uema.br\/index.php?rest_route=\/wp\/v2\/pages"}],"about":[{"href":"https:\/\/www.pdi.uema.br\/index.php?rest_route=\/wp\/v2\/types\/page"}],"author":[{"embeddable":true,"href":"https:\/\/www.pdi.uema.br\/index.php?rest_route=\/wp\/v2\/users\/2"}],"replies":[{"embeddable":true,"href":"https:\/\/www.pdi.uema.br\/index.php?rest_route=%2Fwp%2Fv2%2Fcomments&post=1539"}],"version-history":[{"count":4,"href":"https:\/\/www.pdi.uema.br\/index.php?rest_route=\/wp\/v2\/pages\/1539\/revisions"}],"predecessor-version":[{"id":1910,"href":"https:\/\/www.pdi.uema.br\/index.php?rest_route=\/wp\/v2\/pages\/1539\/revisions\/1910"}],"up":[{"embeddable":true,"href":"https:\/\/www.pdi.uema.br\/index.php?rest_route=\/wp\/v2\/pages\/1533"}],"wp:attachment":[{"href":"https:\/\/www.pdi.uema.br\/index.php?rest_route=%2Fwp%2Fv2%2Fmedia&parent=1539"}],"curies":[{"name":"wp","href":"https:\/\/api.w.org\/{rel}","templated":true}]}}