{"id":1630,"date":"2015-07-31T15:39:54","date_gmt":"2015-07-31T15:39:54","guid":{"rendered":"http:\/\/www.pdi.uema.br\/?page_id=1630"},"modified":"2015-08-28T19:22:08","modified_gmt":"2015-08-28T19:22:08","slug":"materiais-de-consulta","status":"publish","type":"page","link":"https:\/\/www.pdi.uema.br\/?page_id=1630","title":{"rendered":"Materiais de Consulta"},"content":{"rendered":"<p><a class=\"btn btn-block btn-default\" href=\"http:\/\/www.pdi.uema.br\/wp-content\/uploads\/2015\/08\/Apresenta\u00e7\u00e3o-comiss\u00e3o.pptx\" target=\"_blank\">Comiss\u00e3o Tem\u00e1tica VII\u00a0&#8211; Apresenta\u00e7\u00e3o da Comiss\u00e3o<\/a><br \/>\n<a class=\"btn btn-block btn-default\" href=\"http:\/\/www.pdi.uema.br\/wp-content\/uploads\/2015\/08\/Comiss\u00e3o-Tem\u00e1tica-VII-Capacidade-Sustentabilidade-Financeira.pdf\" target=\"_blank\">Comiss\u00e3o Tem\u00e1tica VII &#8211; Capacidade e Sustentabilidade Financeira<\/a><br \/>\n<a class=\"btn btn-block btn-default\" href=\"http:\/\/www.pdi.uema.br\/wp-content\/uploads\/2015\/08\/Cronograma.pdf\" target=\"_blank\">Comiss\u00e3o Tem\u00e1tica VII &#8211; Cronograma<\/a><\/p>\n","protected":false},"excerpt":{"rendered":"<p>Comiss\u00e3o Tem\u00e1tica VII\u00a0&#8211; Apresenta\u00e7\u00e3o da Comiss\u00e3o Comiss\u00e3o Tem\u00e1tica VII &#8211; Capacidade e Sustentabilidade Financeira Comiss\u00e3o Tem\u00e1tica VII &#8211; Cronograma<\/p>\n","protected":false},"author":2,"featured_media":0,"parent":296,"menu_order":0,"comment_status":"open","ping_status":"open","template":"","meta":{"footnotes":""},"class_list":["post-1630","page","type-page","status-publish"],"_links":{"self":[{"href":"https:\/\/www.pdi.uema.br\/index.php?rest_route=\/wp\/v2\/pages\/1630","targetHints":{"allow":["GET"]}}],"collection":[{"href":"https:\/\/www.pdi.uema.br\/index.php?rest_route=\/wp\/v2\/pages"}],"about":[{"href":"https:\/\/www.pdi.uema.br\/index.php?rest_route=\/wp\/v2\/types\/page"}],"author":[{"embeddable":true,"href":"https:\/\/www.pdi.uema.br\/index.php?rest_route=\/wp\/v2\/users\/2"}],"replies":[{"embeddable":true,"href":"https:\/\/www.pdi.uema.br\/index.php?rest_route=%2Fwp%2Fv2%2Fcomments&post=1630"}],"version-history":[{"count":7,"href":"https:\/\/www.pdi.uema.br\/index.php?rest_route=\/wp\/v2\/pages\/1630\/revisions"}],"predecessor-version":[{"id":1964,"href":"https:\/\/www.pdi.uema.br\/index.php?rest_route=\/wp\/v2\/pages\/1630\/revisions\/1964"}],"up":[{"embeddable":true,"href":"https:\/\/www.pdi.uema.br\/index.php?rest_route=\/wp\/v2\/pages\/296"}],"wp:attachment":[{"href":"https:\/\/www.pdi.uema.br\/index.php?rest_route=%2Fwp%2Fv2%2Fmedia&parent=1630"}],"curies":[{"name":"wp","href":"https:\/\/api.w.org\/{rel}","templated":true}]}}