{"id":1717,"date":"2015-08-18T14:01:29","date_gmt":"2015-08-18T14:01:29","guid":{"rendered":"http:\/\/www.pdi.uema.br\/?page_id=1717"},"modified":"2015-08-18T14:11:44","modified_gmt":"2015-08-18T14:11:44","slug":"materiais-de-consulta","status":"publish","type":"page","link":"https:\/\/www.pdi.uema.br\/?page_id=1717","title":{"rendered":"Materiais de Consulta"},"content":{"rendered":"<ul>\n<li>\n<a class=\"btn btn-default btn-block btn-lg\" href=\"http:\/\/www.pdi.uema.br\/wp-content\/uploads\/2015\/04\/Cronograma-Comiss\u00e3o-de-Avalia\u00e7\u00e3o-e-Acompanhamento-do-Desenvolvimento-Institucional.pdf\" target=\"_blank><i class=\"fa fa-file-pdf-o\"><\/i> Calend\u00e1rio de Reuni\u00f5es<\/a>\n<\/li>\n<\/ul>\n","protected":false},"excerpt":{"rendered":"","protected":false},"author":2,"featured_media":0,"parent":1533,"menu_order":0,"comment_status":"open","ping_status":"open","template":"","meta":{"footnotes":""},"class_list":["post-1717","page","type-page","status-publish"],"_links":{"self":[{"href":"https:\/\/www.pdi.uema.br\/index.php?rest_route=\/wp\/v2\/pages\/1717","targetHints":{"allow":["GET"]}}],"collection":[{"href":"https:\/\/www.pdi.uema.br\/index.php?rest_route=\/wp\/v2\/pages"}],"about":[{"href":"https:\/\/www.pdi.uema.br\/index.php?rest_route=\/wp\/v2\/types\/page"}],"author":[{"embeddable":true,"href":"https:\/\/www.pdi.uema.br\/index.php?rest_route=\/wp\/v2\/users\/2"}],"replies":[{"embeddable":true,"href":"https:\/\/www.pdi.uema.br\/index.php?rest_route=%2Fwp%2Fv2%2Fcomments&post=1717"}],"version-history":[{"count":3,"href":"https:\/\/www.pdi.uema.br\/index.php?rest_route=\/wp\/v2\/pages\/1717\/revisions"}],"predecessor-version":[{"id":1720,"href":"https:\/\/www.pdi.uema.br\/index.php?rest_route=\/wp\/v2\/pages\/1717\/revisions\/1720"}],"up":[{"embeddable":true,"href":"https:\/\/www.pdi.uema.br\/index.php?rest_route=\/wp\/v2\/pages\/1533"}],"wp:attachment":[{"href":"https:\/\/www.pdi.uema.br\/index.php?rest_route=%2Fwp%2Fv2%2Fmedia&parent=1717"}],"curies":[{"name":"wp","href":"https:\/\/api.w.org\/{rel}","templated":true}]}}