{"id":18,"date":"2015-04-10T18:40:25","date_gmt":"2015-04-10T18:40:25","guid":{"rendered":"http:\/\/localhost\/uema\/pdi\/?page_id=18"},"modified":"2020-07-03T20:38:28","modified_gmt":"2020-07-03T20:38:28","slug":"o-que-e","status":"publish","type":"page","link":"https:\/\/www.pdi.uema.br\/?page_id=18","title":{"rendered":"O que \u00e9?"},"content":{"rendered":"<p>O Plano de Desenvolvimento Institucional (PDI) \u00e9 o instrumento de planejamento que tra\u00e7a o perfil da institui\u00e7\u00e3o de ensino, considerando sua miss\u00e3o, diretrizes pedag\u00f3gicas, estrutura organizacional e atividades que desenvolve e pretende desenvolver para alcan\u00e7ar seus objetivos e metas para um per\u00edodo de cinco anos.<\/p>\n<ul>\n<li>\u00c9 o documento em que se definem a <strong>miss\u00e3o<\/strong> e as <strong>estrat\u00e9gias<\/strong> da Institui\u00e7\u00e3o para atingir suas metas e objetivos, abrangendo um <strong>per\u00edodo de cinco anos<\/strong>.<\/li>\n<li>Contempla o <strong>cronograma<\/strong> e a <strong>metodologia<\/strong> de implementa\u00e7\u00e3o dos objetivos, metas e a\u00e7\u00f5es da Institui\u00e7\u00e3o, observando coer\u00eancia entre as diversas a\u00e7\u00f5es, manuten\u00e7\u00e3o de padr\u00f5es de qualidade e o or\u00e7amento.<\/li>\n<li>Deve apresentar um quadro-resumo contendo os principais <strong>indicadores de desempenho<\/strong>, que possibilite comparar, para cada um, a situa\u00e7\u00e3o atual e futura (ap\u00f3s a vig\u00eancia do PDI).<\/li>\n<li>Deve estar intimamente <strong>articulado com a pr\u00e1tica <\/strong>e os <strong>resultados da avalia\u00e7\u00e3o institucional<\/strong>, realizada tanto como procedimento autoavaliativo quanto externo.<\/li>\n<\/ul>\n<p>O PDI est\u00e1 previsto no <a href=\"http:\/\/www.pdi.uema.br\/wp-content\/uploads\/2015\/04\/DECRETO-N\u00ba-9.235-DE-15-DE-DEZEMBRO-DE-2017.pdf\">DECRETO N\u00ba 9.235, DE 15 DE DEZEMBRO DE 2017<\/a>, sendo um dos requisitos obrigat\u00f3rios para avalia\u00e7\u00e3o de cursos superiores.<\/p>\n","protected":false},"excerpt":{"rendered":"<p>O Plano de Desenvolvimento Institucional (PDI) \u00e9 o instrumento de planejamento que tra\u00e7a o perfil da institui\u00e7\u00e3o de ensino, considerando sua miss\u00e3o, diretrizes pedag\u00f3gicas, estrutura organizacional e atividades que desenvolve e pretende desenvolver para alcan\u00e7ar seus objetivos e metas para um per\u00edodo de cinco anos. \u00c9 o documento em que se definem a miss\u00e3o e<\/p>\n<div class=\"read-more\"><a href=\"https:\/\/www.pdi.uema.br\/?page_id=18\" title=\"Leia Mais\">Leia Mais<\/a><\/div>\n","protected":false},"author":1,"featured_media":0,"parent":0,"menu_order":0,"comment_status":"open","ping_status":"open","template":"","meta":{"footnotes":""},"class_list":["post-18","page","type-page","status-publish"],"_links":{"self":[{"href":"https:\/\/www.pdi.uema.br\/index.php?rest_route=\/wp\/v2\/pages\/18","targetHints":{"allow":["GET"]}}],"collection":[{"href":"https:\/\/www.pdi.uema.br\/index.php?rest_route=\/wp\/v2\/pages"}],"about":[{"href":"https:\/\/www.pdi.uema.br\/index.php?rest_route=\/wp\/v2\/types\/page"}],"author":[{"embeddable":true,"href":"https:\/\/www.pdi.uema.br\/index.php?rest_route=\/wp\/v2\/users\/1"}],"replies":[{"embeddable":true,"href":"https:\/\/www.pdi.uema.br\/index.php?rest_route=%2Fwp%2Fv2%2Fcomments&post=18"}],"version-history":[{"count":11,"href":"https:\/\/www.pdi.uema.br\/index.php?rest_route=\/wp\/v2\/pages\/18\/revisions"}],"predecessor-version":[{"id":4576,"href":"https:\/\/www.pdi.uema.br\/index.php?rest_route=\/wp\/v2\/pages\/18\/revisions\/4576"}],"wp:attachment":[{"href":"https:\/\/www.pdi.uema.br\/index.php?rest_route=%2Fwp%2Fv2%2Fmedia&parent=18"}],"curies":[{"name":"wp","href":"https:\/\/api.w.org\/{rel}","templated":true}]}}