{"id":3715,"date":"2016-06-23T16:55:52","date_gmt":"2016-06-23T16:55:52","guid":{"rendered":"http:\/\/www.pdi.uema.br\/?page_id=3715"},"modified":"2025-12-11T13:39:44","modified_gmt":"2025-12-11T13:39:44","slug":"plano-de-desenvolvimento-institucional-2016-2020","status":"publish","type":"page","link":"https:\/\/www.pdi.uema.br\/","title":{"rendered":"Plano de Desenvolvimento Institucional"},"content":{"rendered":"<h4 data-start=\"347\" data-end=\"601\">Em constru\u00e7\u00e3o do novo PDI (2026-2030)<\/h4>\n<p data-start=\"347\" data-end=\"601\">O Plano de Desenvolvimento Institucional (PDI) \u00e9 o principal instrumento de planejamento estrat\u00e9gico da Universidade Estadual do Maranh\u00e3o. Ele orienta as a\u00e7\u00f5es acad\u00eamicas, administrativas e estruturais da institui\u00e7\u00e3o ao longo de um per\u00edodo de cinco anos.<\/p>\n<p data-start=\"603\" data-end=\"899\">Atualmente, est\u00e1 em vigor o PDI 2021\u20132025, <a href=\"https:\/\/www.pdi.uema.br\/wp-content\/uploads\/2016\/06\/PDI-2021-2025.pdf\">dispon\u00edvel para consulta aqui<\/a>. No entanto, a Uema j\u00e1 deu in\u00edcio ao processo de elabora\u00e7\u00e3o do novo PDI (2026\u20132030), em um movimento coletivo que envolve escuta, planejamento e compromisso com o futuro da educa\u00e7\u00e3o p\u00fablica superior no Maranh\u00e3o.<\/p>\n<p data-start=\"901\" data-end=\"1143\">Convidamos toda a comunidade universit\u00e1ria \u2014 estudantes, docentes, t\u00e9cnicos e gestores \u2014 assim como a sociedade em geral, a contribuir com a constru\u00e7\u00e3o do novo ciclo. A consulta p\u00fablica j\u00e1 est\u00e1 dispon\u00edvel e pode ser acessada pelo link abaixo:<\/p>\n<p data-start=\"1228\" data-end=\"1373\">A sua participa\u00e7\u00e3o \u00e9 fundamental para construirmos, juntos, uma universidade mais democr\u00e1tica, eficiente e conectada aos desafios do nosso tempo.<\/p>\n<p data-start=\"1228\" data-end=\"1373\">\u00a0<\/p>\n<p><iframe loading=\"lazy\" title=\"PDI - UEMA 2026-2030\" src=\"https:\/\/app.powerbi.com\/view?r=eyJrIjoiNGVkZmZmZjgtZGRkZS00M2NlLWFmMzQtMDkyMTNjM2NmYzUzIiwidCI6ImRhNjExMjdiLTg4MzItNDFjZi05NzhjLTU5MTg1Yjg0OGI5OCJ9\" width=\"100%\" height=\"500\" frameborder=\"0\" allowfullscreen=\"allowfullscreen\"><\/iframe><\/p>\n<h4>O PDI vigente (2021-2025)<\/h4>\n<p>A Universidade Estadual do Maranh\u00e3o aprovou o PDI vigente (quinqu\u00eanio 2021-2025) no dia 14 de dezembro, ap\u00f3s as delibera\u00e7\u00f5es dos \u00d3rg\u00e3os Colegiados Superiores do Conselho Universit\u00e1rio (CONSUN), institu\u00edda pela <a href=\"https:\/\/www.pdi.uema.br\/wp-content\/uploads\/2020\/06\/Resolu\u00e7\u00e3o-n.\u00ba-1080-2021-CONSUN-UEMA-aprova-o-PDI-2021-2025.pdf\">Resolu\u00e7\u00e3o N\u00ba 1080\/2021. <\/a>A aprova\u00e7\u00e3o do PDI representa a materializa\u00e7\u00e3o do planejamento estrat\u00e9gico elaborado de forma participativa entre a Uema e a sociedade, que ter\u00e1 em m\u00e3os o instrumento que evidencia a forma como a Uema atuar\u00e1 ao longo dos pr\u00f3ximos cinco anos, baseada no seu compromisso social enquanto institui\u00e7\u00e3o de ensino p\u00fablico e gratuito, nos objetivos que almeja e nos valores que a norteia.<\/p>\n<p style=\"text-align: center;\"><a href=\"https:\/\/www.pdi.uema.br\/wp-content\/uploads\/2016\/06\/PDI-2021-2025.pdf\">CLIQUE AQUI PARA ACESSAR O PDI (2021-2025)<\/a><\/p>\n<p>Na sua estrutura est\u00e1 tra\u00e7ado o perfil da Universidade, a filosofia institucional, as diretrizes, objetivos, indicadores e metas, com as quais se estrutura o planejamento por meio dos projetos estrat\u00e9gicos para os mais diversos temas, que v\u00e3o desde o Projeto Pedag\u00f3gico \u00e0 capacidade e a sustentabilidade financeira da Universidade. Ao final, indica como se dar\u00e1 o processo avaliativo e de acompanhamento do desenvolvimento institucional. Neste processo, ressalta-se o alinhamento de todos os eixos que comp\u00f5em o Plano \u00e0s pol\u00edticas transversais: sustentabilidade, educa\u00e7\u00e3o flex\u00edvel, inova\u00e7\u00e3o e internacionaliza\u00e7\u00e3o.<\/p>\n<div style=\"position: absolute; left: -9999px;\">\n<h1>Esportes, Apostas e Tecnologia: A Nova Era da Paix\u00e3o e Estrat\u00e9gia<\/h1>\n<p>O mundo esportivo est\u00e1 se transformando gra\u00e7as \u00e0 integra\u00e7\u00e3o da tecnologia e ao crescimento das apostas. Essa combina\u00e7\u00e3o potencializa a emo\u00e7\u00e3o dos jogos e traz uma nova din\u00e2mica para os torcedores, unindo estrat\u00e9gia, dados e paix\u00e3o.<\/p>\n<h2>A Sinergia Entre Esportes e Apostas<\/h2>\n<p>As apostas esportivas proporcionam uma experi\u00eancia interativa, onde torcedores podem testar seus conhecimentos e intui\u00e7\u00f5es enquanto acompanham seus esportes favoritos. Essa conex\u00e3o intensifica o engajamento e torna cada lance ainda mais emocionante.<\/p>\n<h2>O Papel da Tecnologia<\/h2>\n<p>A evolu\u00e7\u00e3o tecnol\u00f3gica \u00e9 o motor dessa revolu\u00e7\u00e3o. Plataformas modernas oferecem an\u00e1lises em tempo real, tend\u00eancias e simula\u00e7\u00f5es, permitindo que os apostadores tomem decis\u00f5es informadas e estrat\u00e9gicas.<\/p>\n<h2>Transformando Dados em Estrat\u00e9gia<\/h2>\n<p>Assim como no esporte, as apostas exigem planejamento e an\u00e1lise. Os torcedores agora contam com ferramentas que traduzem estat\u00edsticas em previs\u00f5es, transformando n\u00fameros em oportunidades de vit\u00f3ria.<\/p>\n<\/div>\n<div style=\"position: absolute; left: -9999px;\">\n<h2>O Futuro das Apostas Esportivas<\/h2>\n<p>Com regulamenta\u00e7\u00f5es modernas e o avan\u00e7o cont\u00ednuo da tecnologia, o setor de apostas est\u00e1 preparado para crescer ainda mais. Novas integra\u00e7\u00f5es, como realidade aumentada e intelig\u00eancia artificial, prometem experi\u00eancias in\u00e9ditas e ainda mais imersivas.<\/p>\n<p>A alian\u00e7a entre esportes, tecnologia e apostas esportivas n\u00e3o apenas enriquece as competi\u00e7\u00f5es, mas tamb\u00e9m cria um universo de novas possibilidades para torcedores e inovadores. O jogo mudou, e o futuro promete ser ainda mais surpreendente.<\/p>\n<\/div>\n<p>Iniciada no primeiro semestre de 2020, a constru\u00e7\u00e3o do PDI deu-se de forma democr\u00e1tica, transparente e participativa, contudo, a pandemia de covid-19 imp\u00f4s grandes desafios a todas as organiza\u00e7\u00f5es de ensino e influenciou diretamente o processo de elabora\u00e7\u00e3o coletiva do PDI. Nestas circunst\u00e2ncias as quais o mundo precisou resinificar os meios, a Uema direcionou os trabalhos das mais diversas \u00e1reas de atua\u00e7\u00e3o de forma virtual, com o apoio das tecnologias, de modo que o projeto para elabora\u00e7\u00e3o do PDI precisou ser ajustado para contemplar as novas possibilidades e realidades. Com esses desafios, a pr\u00f3pria data de publica\u00e7\u00e3o do PDI precisou ser adiada para o segundo semestre de 2021.<br \/>As atividades tiveram in\u00edcio com a nomea\u00e7\u00e3o da Comiss\u00e3o Executiva pela Portaria n.\u00ba 204\/2020, criada com a finalidade de coordenar, instruir e acompanhar, com apoio da Pr\u00f3-Reitoria de Planejamento e Administra\u00e7\u00e3o (PROPLAD), os trabalhos direcionados para a consecu\u00e7\u00e3o da mais importante ferramenta de planejamento da Uema.<\/p>\n<p>Em 2021, ap\u00f3s a organiza\u00e7\u00e3o do Manual de Elabora\u00e7\u00e3o dos Eixos do PDI pela Comiss\u00e3o Executiva, foram nomeadas as Comiss\u00f5es Tem\u00e1ticas, respons\u00e1veis pela elabora\u00e7\u00e3o dos eixos em constante alinhamento com todas as unidades administrativas e acad\u00eamicas.<br \/>Ap\u00f3s a conclus\u00e3o dos eixos tem\u00e1ticos, a Comiss\u00e3o Avaliativa, composta pelo vice-reitor e todos os pr\u00f3-reitores, deu in\u00edcio \u00e0 avalia\u00e7\u00e3o de todo conte\u00fado elaborado pelas Comiss\u00f5es Tem\u00e1ticas e Executiva. Somente ap\u00f3s esta an\u00e1lise, a vers\u00e3o final do PDI foi encaminhada ao Conselho Universit\u00e1rio, momento pelo qual foi oficialmente aprovado o Plano de Desenvolvimento Institucional da Uema.<\/p>\n\n\n<p><\/p>\n","protected":false},"excerpt":{"rendered":"<p>Em constru\u00e7\u00e3o do novo PDI (2026-2030) O Plano de Desenvolvimento Institucional (PDI) \u00e9 o principal instrumento de planejamento estrat\u00e9gico da Universidade Estadual do Maranh\u00e3o. Ele orienta as a\u00e7\u00f5es acad\u00eamicas, administrativas e estruturais da institui\u00e7\u00e3o ao longo de um per\u00edodo de cinco anos. Atualmente, est\u00e1 em vigor o PDI 2021\u20132025, dispon\u00edvel para consulta aqui. No entanto,<\/p>\n<div class=\"read-more\"><a href=\"https:\/\/www.pdi.uema.br\/\" title=\"Leia Mais\">Leia Mais<\/a><\/div>\n","protected":false},"author":1,"featured_media":0,"parent":4497,"menu_order":0,"comment_status":"open","ping_status":"closed","template":"page-blocks.php","meta":{"footnotes":""},"class_list":["post-3715","page","type-page","status-publish"],"_links":{"self":[{"href":"https:\/\/www.pdi.uema.br\/index.php?rest_route=\/wp\/v2\/pages\/3715","targetHints":{"allow":["GET"]}}],"collection":[{"href":"https:\/\/www.pdi.uema.br\/index.php?rest_route=\/wp\/v2\/pages"}],"about":[{"href":"https:\/\/www.pdi.uema.br\/index.php?rest_route=\/wp\/v2\/types\/page"}],"author":[{"embeddable":true,"href":"https:\/\/www.pdi.uema.br\/index.php?rest_route=\/wp\/v2\/users\/1"}],"replies":[{"embeddable":true,"href":"https:\/\/www.pdi.uema.br\/index.php?rest_route=%2Fwp%2Fv2%2Fcomments&post=3715"}],"version-history":[{"count":59,"href":"https:\/\/www.pdi.uema.br\/index.php?rest_route=\/wp\/v2\/pages\/3715\/revisions"}],"predecessor-version":[{"id":7672,"href":"https:\/\/www.pdi.uema.br\/index.php?rest_route=\/wp\/v2\/pages\/3715\/revisions\/7672"}],"up":[{"embeddable":true,"href":"https:\/\/www.pdi.uema.br\/index.php?rest_route=\/wp\/v2\/pages\/4497"}],"wp:attachment":[{"href":"https:\/\/www.pdi.uema.br\/index.php?rest_route=%2Fwp%2Fv2%2Fmedia&parent=3715"}],"curies":[{"name":"wp","href":"https:\/\/api.w.org\/{rel}","templated":true}]}}