{"id":3721,"date":"2016-06-23T17:01:07","date_gmt":"2016-06-23T17:01:07","guid":{"rendered":"http:\/\/www.pdi.uema.br\/?page_id=3721"},"modified":"2020-06-03T13:24:43","modified_gmt":"2020-06-03T13:24:43","slug":"pga","status":"publish","type":"page","link":"https:\/\/www.pdi.uema.br\/?page_id=3721","title":{"rendered":"PGA"},"content":{"rendered":"<p><!--\n<a href=\"http:\/\/www.pdi.uema.br\/wp-content\/uploads\/2016\/06\/5.-Painel-Geral-do-PGA-2018.xlsx\" class=\"btn btn-default btn-block btn-lg\"><i class=\"fa fa-file-excel-o\"><\/i> Painel Geral do PGA 2018<\/a>\n\n<a href=\"http:\/\/www.pdi.uema.br\/wp-content\/uploads\/2016\/06\/5.1Template-Plano-de-A\u00e7\u00e3o.xlsx\" class=\"btn btn-default btn-block btn-lg\"><i class=\"fa fa-file-excel-o\"><\/i> Template para o Plano de A\u00e7\u00e3o<\/a>\n\n<a href=\"http:\/\/www.pdi.uema.br\/wp-content\/uploads\/2016\/06\/10.-Modelo-de-requisi\u00e7\u00e3o-material-permanente.xlsx\" class=\"btn btn-default btn-block btn-lg\"><i class=\"fa fa-file-excel-o\"><\/i> Modelo de Requisi\u00e7\u00e3o - Material Permanente<\/a>\n\n<a href=\"http:\/\/www.pdi.uema.br\/wp-content\/uploads\/2016\/06\/Apresenta\u00e7\u00e3o-Unidade-T\u00e1ticas-.ppt\" class=\"btn btn-default btn-block btn-lg\"><i class=\"fa fa-file-powerpoint-o\"><\/i> Apresenta\u00e7\u00e3o Unidade T\u00e1ticas<\/a>\n\n<a href=\"http:\/\/www.pdi.uema.br\/wp-content\/uploads\/2016\/06\/Apresenta\u00e7\u00e3o-Unidade-Estrat\u00e9gica.ppt\" class=\"btn btn-default btn-block btn-lg\"><i class=\"fa fa-file-powerpoint-o\"><\/i> Apresenta\u00e7\u00e3o Unidade Estrat\u00e9gica<\/a>\n\n--><\/p>\n","protected":false},"excerpt":{"rendered":"","protected":false},"author":1,"featured_media":0,"parent":4497,"menu_order":0,"comment_status":"open","ping_status":"closed","template":"","meta":{"footnotes":""},"class_list":["post-3721","page","type-page","status-publish"],"_links":{"self":[{"href":"https:\/\/www.pdi.uema.br\/index.php?rest_route=\/wp\/v2\/pages\/3721","targetHints":{"allow":["GET"]}}],"collection":[{"href":"https:\/\/www.pdi.uema.br\/index.php?rest_route=\/wp\/v2\/pages"}],"about":[{"href":"https:\/\/www.pdi.uema.br\/index.php?rest_route=\/wp\/v2\/types\/page"}],"author":[{"embeddable":true,"href":"https:\/\/www.pdi.uema.br\/index.php?rest_route=\/wp\/v2\/users\/1"}],"replies":[{"embeddable":true,"href":"https:\/\/www.pdi.uema.br\/index.php?rest_route=%2Fwp%2Fv2%2Fcomments&post=3721"}],"version-history":[{"count":5,"href":"https:\/\/www.pdi.uema.br\/index.php?rest_route=\/wp\/v2\/pages\/3721\/revisions"}],"predecessor-version":[{"id":4149,"href":"https:\/\/www.pdi.uema.br\/index.php?rest_route=\/wp\/v2\/pages\/3721\/revisions\/4149"}],"up":[{"embeddable":true,"href":"https:\/\/www.pdi.uema.br\/index.php?rest_route=\/wp\/v2\/pages\/4497"}],"wp:attachment":[{"href":"https:\/\/www.pdi.uema.br\/index.php?rest_route=%2Fwp%2Fv2%2Fmedia&parent=3721"}],"curies":[{"name":"wp","href":"https:\/\/api.w.org\/{rel}","templated":true}]}}