{"id":3725,"date":"2016-06-23T17:01:45","date_gmt":"2016-06-23T17:01:45","guid":{"rendered":"http:\/\/www.pdi.uema.br\/?page_id=3725"},"modified":"2022-03-22T14:04:32","modified_gmt":"2022-03-22T14:04:32","slug":"pga-tatico","status":"publish","type":"page","link":"https:\/\/www.pdi.uema.br\/?page_id=3725","title":{"rendered":"PGA T\u00e1tico"},"content":{"rendered":"<h3>O QUE \u00c9?<\/h3>\n<p>O PGA T\u00e1tico \u00e9 um documento que contempla os planos de a\u00e7\u00e3o dos Campus\/Centros e respectivas Unidades. Elaborado com base no PDI, de forma colaborativa pelos gestores, possibilita o desenvolvimento e melhoria da unidade, assim como o acompanhamento da evolu\u00e7\u00e3o dos planos, das a\u00e7\u00f5es, das metas e dos indicadores, promovendo melhorias no \u00e2mbito da gest\u00e3o, do ensino, pesquisa e extens\u00e3o.<\/p>\n<h3>O PGA T\u00c1TICO DEVE SER ELABORADO DE ACORDO COM A SEGUINTE ESTRUTURA:<\/h3>\n<p>A partir das Diretrizes Estrat\u00e9gicas, Projeto Pedag\u00f3gico Institucional (PPI), Pol\u00edticas Transversais, Avalia\u00e7\u00f5es internas e externas, ser\u00e3o elaborados planos de a\u00e7\u00e3o pelas respectivas Unidades.\u00a0 A estrutura do PGA T\u00e1tico est\u00e1 assim delineada:<\/p>\n<ul>\n<li>Objetivo do Plano<\/li>\n<li>Alinhamento com as Perspectivas e Objetivos estrat\u00e9gicos<\/li>\n<li>Vincula\u00e7\u00e3o do Plano com as Unidades Estrat\u00e9gicas<\/li>\n<li>Justificativa<\/li>\n<li>Detalhamento das a\u00e7\u00f5es programadas<\/li>\n<li>Resultados esperados<\/li>\n<li>Equipe respons\u00e1vel<\/li>\n<li>Prazos<\/li>\n<li>Estimativa de custos<\/li>\n<\/ul>\n<p>&nbsp;<\/p>\n<h3 style=\"text-align: center;\"><strong>CICLO DE GEST\u00c3O DO PDI<\/strong><\/h3>\n<h3 style=\"text-align: center;\">\u00a0<a href=\"https:\/\/www.pdi.uema.br\/wp-content\/uploads\/2016\/06\/Colorful-Process-Pie-Chart-3.png\"><img loading=\"lazy\" decoding=\"async\" class=\"alignnone wp-image-5092 size-medium\" src=\"https:\/\/www.pdi.uema.br\/wp-content\/uploads\/2016\/06\/Colorful-Process-Pie-Chart-3-e1647957711560-294x300.png\" alt=\"Colorful Process Pie Chart (3)\" width=\"294\" height=\"300\" srcset=\"https:\/\/www.pdi.uema.br\/wp-content\/uploads\/2016\/06\/Colorful-Process-Pie-Chart-3-e1647957711560-294x300.png 294w, https:\/\/www.pdi.uema.br\/wp-content\/uploads\/2016\/06\/Colorful-Process-Pie-Chart-3-e1647957711560-1005x1024.png 1005w, https:\/\/www.pdi.uema.br\/wp-content\/uploads\/2016\/06\/Colorful-Process-Pie-Chart-3-e1647957711560-50x50.png 50w, https:\/\/www.pdi.uema.br\/wp-content\/uploads\/2016\/06\/Colorful-Process-Pie-Chart-3-e1647957711560-24x24.png 24w, https:\/\/www.pdi.uema.br\/wp-content\/uploads\/2016\/06\/Colorful-Process-Pie-Chart-3-e1647957711560-36x36.png 36w, https:\/\/www.pdi.uema.br\/wp-content\/uploads\/2016\/06\/Colorful-Process-Pie-Chart-3-e1647957711560-48x48.png 48w, https:\/\/www.pdi.uema.br\/wp-content\/uploads\/2016\/06\/Colorful-Process-Pie-Chart-3-e1647957711560.png 2019w\" sizes=\"auto, (max-width: 294px) 100vw, 294px\" \/><\/a><\/h3>\n<p>O ciclo de gest\u00e3o da Uema se inicia com a elabora\u00e7\u00e3o do PDI, documento que representa o Planejamento Estrat\u00e9gico de longo prazo da Institui\u00e7\u00e3o. A partir deste, faz-se um recorte anual dos Projetos Estrat\u00e9gicos, mediante planos de a\u00e7\u00e3o que ir\u00e3o compor o PGA Estrat\u00e9gico. Paralelamente, e com base em indicadores de desempenho, os Campus, Centros de Estudos Superiores constroem seus planos de a\u00e7\u00e3o que ir\u00e3o compor o PGA T\u00e1tico. Estes dois documentos facilitam o acompanhamento do desenvolvimento institucional, assim como fornecem as informa\u00e7\u00f5es necess\u00e1rias para a elabora\u00e7\u00e3o dos or\u00e7amentos anuais da Universidade. Este ciclo se encerra com a avalia\u00e7\u00e3o e retroalimenta\u00e7\u00e3o do PDI, no momento em que ajustes e reformula\u00e7\u00f5es s\u00e3o incorporadas ao Plano. Desta forma, o ciclo de gest\u00e3o da Uema possibilita que os gestores redirecionem os esfor\u00e7os\u00a0 para o cumprimento da sua miss\u00e3o institucional.<\/p>\n","protected":false},"excerpt":{"rendered":"<p>O QUE \u00c9? O PGA T\u00e1tico \u00e9 um documento que contempla os planos de a\u00e7\u00e3o dos Campus\/Centros e respectivas Unidades. Elaborado com base no PDI, de forma colaborativa pelos gestores, possibilita o desenvolvimento e melhoria da unidade, assim como o acompanhamento da evolu\u00e7\u00e3o dos planos, das a\u00e7\u00f5es, das metas e dos indicadores, promovendo melhorias no<\/p>\n<div class=\"read-more\"><a href=\"https:\/\/www.pdi.uema.br\/?page_id=3725\" title=\"Leia Mais\">Leia Mais<\/a><\/div>\n","protected":false},"author":1,"featured_media":0,"parent":3721,"menu_order":0,"comment_status":"open","ping_status":"open","template":"","meta":{"footnotes":""},"class_list":["post-3725","page","type-page","status-publish"],"_links":{"self":[{"href":"https:\/\/www.pdi.uema.br\/index.php?rest_route=\/wp\/v2\/pages\/3725","targetHints":{"allow":["GET"]}}],"collection":[{"href":"https:\/\/www.pdi.uema.br\/index.php?rest_route=\/wp\/v2\/pages"}],"about":[{"href":"https:\/\/www.pdi.uema.br\/index.php?rest_route=\/wp\/v2\/types\/page"}],"author":[{"embeddable":true,"href":"https:\/\/www.pdi.uema.br\/index.php?rest_route=\/wp\/v2\/users\/1"}],"replies":[{"embeddable":true,"href":"https:\/\/www.pdi.uema.br\/index.php?rest_route=%2Fwp%2Fv2%2Fcomments&post=3725"}],"version-history":[{"count":7,"href":"https:\/\/www.pdi.uema.br\/index.php?rest_route=\/wp\/v2\/pages\/3725\/revisions"}],"predecessor-version":[{"id":5094,"href":"https:\/\/www.pdi.uema.br\/index.php?rest_route=\/wp\/v2\/pages\/3725\/revisions\/5094"}],"up":[{"embeddable":true,"href":"https:\/\/www.pdi.uema.br\/index.php?rest_route=\/wp\/v2\/pages\/3721"}],"wp:attachment":[{"href":"https:\/\/www.pdi.uema.br\/index.php?rest_route=%2Fwp%2Fv2%2Fmedia&parent=3725"}],"curies":[{"name":"wp","href":"https:\/\/api.w.org\/{rel}","templated":true}]}}