{"id":4372,"date":"2020-03-30T19:10:09","date_gmt":"2020-03-30T19:10:09","guid":{"rendered":"http:\/\/www.pdi.uema.br\/?page_id=4372"},"modified":"2020-04-02T03:38:39","modified_gmt":"2020-04-02T03:38:39","slug":"quem-foi-amaro-jose-theodoro","status":"publish","type":"page","link":"https:\/\/www.pdi.uema.br\/?page_id=4372","title":{"rendered":"Quem foi Amaro Jos\u00e9 Theodoro?"},"content":{"rendered":"<p><img loading=\"lazy\" decoding=\"async\" class=\"wp-image-957 no-display appear alignnone\" src=\"https:\/\/www.proplad.uema.br\/wp-content\/uploads\/2020\/03\/amaro-jose-300x173.png\" alt=\"amaro jose\" width=\"550\" height=\"317\" \/><\/p>\n<p style=\"text-align: center;\"><strong><em>Amaro Jos\u00e9 Theodoro (1933-2019)<\/em><\/strong><\/p>\n<p><em>Amaro Jos\u00e9 Theodoro\u00a0<\/em>nasceu em Recife-PE, mas mudou-se para o Maranh\u00e3o depois de Formado em Odontologia em 1963, pela Universidade Federal de Pernambuco. Especialista em Planejamento e Or\u00e7amento P\u00fablico pela Organiza\u00e7\u00e3o Pan-Americana de Sa\u00fade. Foi um dos fundadores da Funda\u00e7\u00e3o de Apoio ao Ensino, Pesquisa e Extens\u00e3o \u2013 FAPEAD. Exerceu o cargo de T\u00e9cnico em Planejamento e Or\u00e7amento P\u00fablico na Superintend\u00eancia de Desenvolvimento do Maranh\u00e3o e na Secretaria de Estado da Sa\u00fade.<\/p>\n<p>Na Universidade Estadual do Maranh\u00e3o, foi Professor Em\u00e9rito do Departamento de Administra\u00e7\u00e3o do Centro de Ci\u00eancias Sociais Aplicadas, onde atuou por mais de 30 anos. Durante sua carreira acad\u00eamica na Uema, atuou como: Chefe de Departamento; Membro do Colegiado do Curso; Conselheiro do CAD\/UEMA; e Professor Titular da disciplina de Planejamento; Or\u00e7amento P\u00fablico e Programa\u00e7\u00e3o do Setor P\u00fablico.<\/p>\n<p style=\"text-align: center;\"><strong>AGRADECIMENTO<\/strong><\/p>\n<p>Ao Prof. Amaro Jos\u00e9 Theodoro e aos seus familiares, por gentilmente cederem a honra de seu nome para referenciar o pr\u00eamio de M\u00e9rito em Planejamento Institucional da Universidade Estadual do Maranh\u00e3o \u2013 UEMA.<\/p>\n","protected":false},"excerpt":{"rendered":"<p>Amaro Jos\u00e9 Theodoro (1933-2019) Amaro Jos\u00e9 Theodoro\u00a0nasceu em Recife-PE, mas mudou-se para o Maranh\u00e3o depois de Formado em Odontologia em 1963, pela Universidade Federal de Pernambuco. Especialista em Planejamento e Or\u00e7amento P\u00fablico pela Organiza\u00e7\u00e3o Pan-Americana de Sa\u00fade. Foi um dos fundadores da Funda\u00e7\u00e3o de Apoio ao Ensino, Pesquisa e Extens\u00e3o \u2013 FAPEAD. Exerceu o cargo<\/p>\n<div class=\"read-more\"><a href=\"https:\/\/www.pdi.uema.br\/?page_id=4372\" title=\"Leia Mais\">Leia Mais<\/a><\/div>\n","protected":false},"author":1,"featured_media":0,"parent":0,"menu_order":0,"comment_status":"open","ping_status":"open","template":"","meta":{"footnotes":""},"class_list":["post-4372","page","type-page","status-publish"],"_links":{"self":[{"href":"https:\/\/www.pdi.uema.br\/index.php?rest_route=\/wp\/v2\/pages\/4372","targetHints":{"allow":["GET"]}}],"collection":[{"href":"https:\/\/www.pdi.uema.br\/index.php?rest_route=\/wp\/v2\/pages"}],"about":[{"href":"https:\/\/www.pdi.uema.br\/index.php?rest_route=\/wp\/v2\/types\/page"}],"author":[{"embeddable":true,"href":"https:\/\/www.pdi.uema.br\/index.php?rest_route=\/wp\/v2\/users\/1"}],"replies":[{"embeddable":true,"href":"https:\/\/www.pdi.uema.br\/index.php?rest_route=%2Fwp%2Fv2%2Fcomments&post=4372"}],"version-history":[{"count":3,"href":"https:\/\/www.pdi.uema.br\/index.php?rest_route=\/wp\/v2\/pages\/4372\/revisions"}],"predecessor-version":[{"id":4383,"href":"https:\/\/www.pdi.uema.br\/index.php?rest_route=\/wp\/v2\/pages\/4372\/revisions\/4383"}],"wp:attachment":[{"href":"https:\/\/www.pdi.uema.br\/index.php?rest_route=%2Fwp%2Fv2%2Fmedia&parent=4372"}],"curies":[{"name":"wp","href":"https:\/\/api.w.org\/{rel}","templated":true}]}}