{"id":4374,"date":"2020-03-30T19:34:36","date_gmt":"2020-03-30T19:34:36","guid":{"rendered":"http:\/\/www.pdi.uema.br\/?page_id=4374"},"modified":"2022-03-14T18:29:40","modified_gmt":"2022-03-14T18:29:40","slug":"o-premio-criterios-e-categorias","status":"publish","type":"page","link":"https:\/\/www.pdi.uema.br\/?page_id=4374","title":{"rendered":"O PR\u00caMIO: Crit\u00e9rios e Categorias"},"content":{"rendered":"<p><img loading=\"lazy\" decoding=\"async\" class=\"alignnone size-medium wp-image-4385 aligncenter\" src=\"http:\/\/www.pdi.uema.br\/wp-content\/uploads\/2020\/03\/Pr\u00eamio-300x213.png\" alt=\"Pr\u00eamio\" width=\"300\" height=\"213\" srcset=\"https:\/\/www.pdi.uema.br\/wp-content\/uploads\/2020\/03\/Pr\u00eamio-300x213.png 300w, https:\/\/www.pdi.uema.br\/wp-content\/uploads\/2020\/03\/Pr\u00eamio-1024x727.png 1024w, https:\/\/www.pdi.uema.br\/wp-content\/uploads\/2020\/03\/Pr\u00eamio-24x17.png 24w, https:\/\/www.pdi.uema.br\/wp-content\/uploads\/2020\/03\/Pr\u00eamio-36x26.png 36w, https:\/\/www.pdi.uema.br\/wp-content\/uploads\/2020\/03\/Pr\u00eamio-48x34.png 48w, https:\/\/www.pdi.uema.br\/wp-content\/uploads\/2020\/03\/Pr\u00eamio.png 1747w\" sizes=\"auto, (max-width: 300px) 100vw, 300px\" \/><\/p>\n<p>O\u00a0<strong>Pr\u00eamio de M\u00e9rito em Planejamento Institucional \u2013 Prof. Amaro Jos\u00e9 Theodoro<\/strong>\u00a0premia, anualmente, as Unidades Estrat\u00e9gicas e T\u00e1ticas que se destacaram no processo de desenvolvimento institucional na utiliza\u00e7\u00e3o da ferramenta de planejamento, adotada pela Uema: o\u00a0<strong>Plano de Gest\u00e3o Anual \u2013 PGA<\/strong>.<\/p>\n<p>O PGA \u00e9 um recorte estrat\u00e9gico do\u00a0<strong>Plano de Desenvolvimento Institucional<\/strong>, que promove, anualmente, o aperfei\u00e7oamento da gest\u00e3o, por meio do alinhamento institucional em torno dos objetivos estrat\u00e9gicos estabelecidos no PDI.<\/p>\n<p>A Premia\u00e7\u00e3o ocorre no<strong>\u00a0Simp\u00f3sio de Planejamento Institucional<\/strong>, desde o ano de 2018, evento sediado todo ano pela\u00a0<strong>Pr\u00f3-Reitoria de Planejamento e Administra\u00e7\u00e3o \u2013 PROPLAD<\/strong>.<\/p>\n<p><strong>\u00a0<\/strong><\/p>\n<p><strong>Para avalia\u00e7\u00e3o do Pr\u00eamio s\u00e3o utilizados os seguintes CRIT\u00c9RIOS:<\/strong><\/p>\n<ol>\n<li>Quantidade de planos realizados X planos executados X resultados alcan\u00e7ados;<\/li>\n<li>Participa\u00e7\u00e3o em eventos ligados ao desenvolvimento do Planejamento Institucional;<\/li>\n<li>Participa\u00e7\u00e3o e envolvimento de professores, servidores, alunos e comunidade na elabora\u00e7\u00e3o do PGA;<\/li>\n<li>Desenvolvimento e consist\u00eancia do PGA e o seu alinhamento ao Plano de Desenvolvimento Institucional;<\/li>\n<li>Feedback e agilidade no retorno das informa\u00e7\u00f5es solicitadas;<\/li>\n<li>Perspectivas sobre Sociedade, Compet\u00eancia, Academia e Gest\u00e3o, contempladas no PGA.<\/li>\n<\/ol>\n<p>&nbsp;<\/p>\n<p><strong>O Pr\u00eamio possui 6 CATEGORIAS, estabelecidas de acordo com os crit\u00e9rios:<\/strong><\/p>\n<ul>\n<li><strong>\u00a0I &#8211; PGA perspectivas:<\/strong>\u00a0Avaliam-se os PGAs elaborados que contemplam as quatro perspectivas estabelecidas no PDI. Analisam-se, ainda, se est\u00e3o em conformidade com os Objetivos Estrat\u00e9gicos estabelecidos para cada perspectiva;<\/li>\n<li><strong>II &#8211; PGA sustent\u00e1vel:<\/strong>\u00a0Indica que os PGAs submetidos est\u00e3o alinhados aos Objetivos de Desenvolvimento Sustent\u00e1vel (ODS);<\/li>\n<li><strong>III &#8211; PGA legitimado:<\/strong>\u00a0Considera o quanto o PGA representa os anseios e desejos da comunidade universit\u00e1ria e sociedade civil organizada. Bem como os meios utilizados para garantir a participa\u00e7\u00e3o das\u00a0partes interessadas no processo de concep\u00e7\u00e3o e elabora\u00e7\u00e3o do planejamento;<\/li>\n<li><strong>IV- PGA eficaz:\u00a0<\/strong>Analisa a execu\u00e7\u00e3o dos PGAs e os\u00a0resultados alcan\u00e7ados;<\/li>\n<li><strong>V &#8211; PGA inovador:<\/strong>\u00a0Analisa a capacidade de transforma\u00e7\u00e3o, contribui\u00e7\u00e3o, alcance, exequibilidade do PGA;<\/li>\n<li><strong>VI &#8211; Desenvolvedor Institucional:\u00a0<\/strong>Visa reconhecer gestores, servidores t\u00e9cnico-administrativos que obtiveram bom desempenho na implementa\u00e7\u00e3o de a\u00e7\u00f5es que promoveram melhorias no desenvolvimento institucional. Al\u00e9m de transforma\u00e7\u00f5es no contexto econ\u00f4mico e social. Bem como, realiza\u00e7\u00e3o de a\u00e7\u00f5es voltadas para pol\u00edticas de sustentabilidade, desenvolvimento tecnol\u00f3gico, empreendedorismo e inova\u00e7\u00e3o.<\/li>\n<\/ul>\n","protected":false},"excerpt":{"rendered":"<p>O\u00a0Pr\u00eamio de M\u00e9rito em Planejamento Institucional \u2013 Prof. Amaro Jos\u00e9 Theodoro\u00a0premia, anualmente, as Unidades Estrat\u00e9gicas e T\u00e1ticas que se destacaram no processo de desenvolvimento institucional na utiliza\u00e7\u00e3o da ferramenta de planejamento, adotada pela Uema: o\u00a0Plano de Gest\u00e3o Anual \u2013 PGA. O PGA \u00e9 um recorte estrat\u00e9gico do\u00a0Plano de Desenvolvimento Institucional, que promove, anualmente, o aperfei\u00e7oamento<\/p>\n<div class=\"read-more\"><a href=\"https:\/\/www.pdi.uema.br\/?page_id=4374\" title=\"Leia Mais\">Leia Mais<\/a><\/div>\n","protected":false},"author":1,"featured_media":0,"parent":0,"menu_order":0,"comment_status":"open","ping_status":"open","template":"","meta":{"footnotes":""},"class_list":["post-4374","page","type-page","status-publish"],"_links":{"self":[{"href":"https:\/\/www.pdi.uema.br\/index.php?rest_route=\/wp\/v2\/pages\/4374","targetHints":{"allow":["GET"]}}],"collection":[{"href":"https:\/\/www.pdi.uema.br\/index.php?rest_route=\/wp\/v2\/pages"}],"about":[{"href":"https:\/\/www.pdi.uema.br\/index.php?rest_route=\/wp\/v2\/types\/page"}],"author":[{"embeddable":true,"href":"https:\/\/www.pdi.uema.br\/index.php?rest_route=\/wp\/v2\/users\/1"}],"replies":[{"embeddable":true,"href":"https:\/\/www.pdi.uema.br\/index.php?rest_route=%2Fwp%2Fv2%2Fcomments&post=4374"}],"version-history":[{"count":5,"href":"https:\/\/www.pdi.uema.br\/index.php?rest_route=\/wp\/v2\/pages\/4374\/revisions"}],"predecessor-version":[{"id":4384,"href":"https:\/\/www.pdi.uema.br\/index.php?rest_route=\/wp\/v2\/pages\/4374\/revisions\/4384"}],"wp:attachment":[{"href":"https:\/\/www.pdi.uema.br\/index.php?rest_route=%2Fwp%2Fv2%2Fmedia&parent=4374"}],"curies":[{"name":"wp","href":"https:\/\/api.w.org\/{rel}","templated":true}]}}