{"id":4376,"date":"2020-03-30T19:35:07","date_gmt":"2020-03-30T19:35:07","guid":{"rendered":"http:\/\/www.pdi.uema.br\/?page_id=4376"},"modified":"2023-06-15T19:14:35","modified_gmt":"2023-06-15T19:14:35","slug":"premiados","status":"publish","type":"page","link":"https:\/\/www.pdi.uema.br\/?page_id=4376","title":{"rendered":"Premiados"},"content":{"rendered":"<h2 style=\"text-align: center;\"><strong>Premiados com\u00a0M\u00e9rito em Planejamento Institucional &#8211; PGA 2022<\/strong><\/h2>\n<p style=\"text-align: center;\">Conforme Resolu\u00e7\u00e3o n\u00ba 1029\/2019- CONSUN\/UEMA, Art.2\u00ba, os premiados por categoria s\u00e3o:<\/p>\n<h3 style=\"text-align: center;\"><span class=\"WdYUQQ text-decoration-none text-strikethrough-none\">Desenvolvedor Institucional<\/span><\/h3>\n<h4><span class=\"WdYUQQ text-decoration-none text-strikethrough-none\">&#8211; Lideran\u00e7a Transformadora<\/span><\/h4>\n<p><a href=\"https:\/\/www.pdi.uema.br\/wp-content\/uploads\/2020\/03\/Pr\u00eamio-Amaro-Jos\u00e9-Theodoro.pdf\">MARANDU &#8211; Ag\u00eancia Uema de Inova\u00e7\u00e3o, Empreendedorismo e Rela\u00e7\u00f5es Institucionais<\/a><\/p>\n<h4>&#8211; Empreendedor(a) e Inovador(a)<\/h4>\n<p><a href=\"https:\/\/www.pdi.uema.br\/wp-content\/uploads\/2020\/03\/Pr\u00eamio-Amaro-Jos\u00e9-Theodoro1.pdf\">MARANDU &#8211; Ag\u00eancia Uema de Inova\u00e7\u00e3o, Empreendedorismo e Rela\u00e7\u00f5es Institucionais<\/a><\/p>\n<h4>&#8211;\u00a0<span class=\"WdYUQQ text-decoration-none text-strikethrough-none\">Internacionaliza\u00e7\u00e3o\u00a0<\/span><\/h4>\n<p><a href=\"https:\/\/www.pdi.uema.br\/wp-content\/uploads\/2020\/03\/Pr\u00eamio-Amaro-Jos\u00e9-Theodoro2.pdf\">SRI &#8211; Superintend\u00eancia de Rela\u00e7\u00f5es Internacionais <\/a><\/p>\n<h4>&#8211;\u00a0<span class=\"WdYUQQ text-decoration-none text-strikethrough-none\">Sustentabilidade\u00a0<\/span><\/h4>\n<p><a href=\"https:\/\/www.pdi.uema.br\/wp-content\/uploads\/2020\/03\/Pr\u00eamio-Amaro-Jos\u00e9-Theodoro3.pdf\">AGA &#8211; Superintend\u00eancia de Gest\u00e3o Ambiental<\/a><\/p>\n<h4>&#8211;\u00a0<span class=\"WdYUQQ text-decoration-none text-strikethrough-none\">Inclus\u00e3o<\/span><\/h4>\n<p><a href=\"https:\/\/www.pdi.uema.br\/wp-content\/uploads\/2020\/03\/Pr\u00eamio-Amaro-Jos\u00e9-Theodoro4.pdf\">NAU &#8211; N\u00facleo de Acessibilidade da Uema<\/a><\/p>\n<h3 style=\"text-align: center;\">PGA Eficaz<\/h3>\n<h4>&#8211;\u00a0<span class=\"WdYUQQ text-decoration-none text-strikethrough-none\">Unidade Estrat\u00e9gica<\/span><\/h4>\n<p><a href=\"https:\/\/www.pdi.uema.br\/wp-content\/uploads\/2020\/03\/Pr\u00eamio-Amaro-Jos\u00e9-Theodoro5.pdf\">MARANDU &#8211; Ag\u00eancia Uema de Inova\u00e7\u00e3o, Empreendedorismo e Rela\u00e7\u00f5es Institucionais<\/a><\/p>\n<h4>&#8211; Unidade T\u00e1tica<\/h4>\n<p><a href=\"https:\/\/www.pdi.uema.br\/wp-content\/uploads\/2020\/03\/Pr\u00eamio-Amaro-Jos\u00e9-Theodoro6.pdf\">Campus &#8211; Itapecuru-Mirim<\/a><\/p>\n<h3 style=\"text-align: center;\">\u00a0PGA Alinhado<\/h3>\n<h4>&#8211;\u00a0<span class=\"WdYUQQ text-decoration-none text-strikethrough-none\">Unidade Estrat\u00e9gica<\/span><\/h4>\n<p><a href=\"https:\/\/www.pdi.uema.br\/wp-content\/uploads\/2020\/03\/Pr\u00eamio-Amaro-Jos\u00e9-Theodoro7.pdf\">MARANDU &#8211; Ag\u00eancia Uema de Inova\u00e7\u00e3o, Empreendedorismo e Rela\u00e7\u00f5es Institucionais<\/a><\/p>\n<h4>&#8211;\u00a0<span class=\"WdYUQQ text-decoration-none text-strikethrough-none\">Unidade T\u00e1tica<\/span><\/h4>\n<p><a href=\"https:\/\/www.pdi.uema.br\/wp-content\/uploads\/2020\/03\/Pr\u00eamio-Amaro-Jos\u00e9-Theodoro8.pdf\">Campus &#8211; Caxias<\/a><\/p>\n<h3 style=\"text-align: center;\">\u00a0PGA Legitimado<\/h3>\n<h4>&#8211;\u00a0<span class=\"WdYUQQ text-decoration-none text-strikethrough-none\">Unidade T\u00e1tica<\/span><\/h4>\n<p><a href=\"https:\/\/www.pdi.uema.br\/wp-content\/uploads\/2020\/03\/Pr\u00eamio-Amaro-Jos\u00e9-Theodoro9.pdf\">CCA &#8211; Centro de Ci\u00eancias Agr\u00e1rias (Campus Paulo VI)<\/a><\/p>\n<h3 style=\"text-align: center;\">\u00a0PGA Perspectivas<\/h3>\n<h4>&#8211;\u00a0<span class=\"WdYUQQ text-decoration-none text-strikethrough-none\">Unidade Estrat\u00e9gica<\/span><\/h4>\n<p><a href=\"https:\/\/www.pdi.uema.br\/wp-content\/uploads\/2020\/03\/Pr\u00eamio-Amaro-Jos\u00e9-Theodoro10.pdf\">AGA &#8211; Superintend\u00eancia de Gest\u00e3o Ambiental <\/a><\/p>\n<h4>&#8211;\u00a0<span class=\"WdYUQQ text-decoration-none text-strikethrough-none\">Unidade T\u00e1tica<\/span><\/h4>\n<p><a href=\"https:\/\/www.pdi.uema.br\/wp-content\/uploads\/2020\/03\/Pr\u00eamio-Amaro-Jos\u00e9-Theodoro11.pdf\">CCT &#8211; Centro de Ci\u00eancias Tecnol\u00f3gicas (Campus Paulo VI)<\/a><\/p>\n<p>&nbsp;<\/p>\n<h2 style=\"text-align: center;\">Premia\u00e7\u00f5es anteriores<\/h2>\n<p><strong>Em 2018 (referente ao PGA 2017)<\/strong><strong>\u00a0<\/strong><\/p>\n<hr \/>\n<p><strong>&#8211;\u00a0<\/strong><strong>Categoria:\u00a0<\/strong><strong>DESENVOLVEDOR INSTITUCIONAL<\/strong><\/p>\n<ul>\n<li><strong>PROF. DR. FRANCISCO NOBREGA DOS SANTOS<\/strong>\u00a0(Presidente da Comiss\u00e3o Pr\u00f3pria de Avalia\u00e7\u00e3o \u2013 CPA)<\/li>\n<li><strong>PROF. DR. LU\u00cdS CARLOS COSTA FONSECA\u00a0<\/strong>(Diretor do N\u00facleo Tecnologia da Informa\u00e7\u00e3o \u2013 NTI\/PROPLAN)<\/li>\n<li><strong>PROF.\u00aa DR.\u00aa ZAFIRA DA SILVA DE ALMEIDA\u00a0<\/strong>(Assessora da Assessoria de Gest\u00e3o Ambiental \u2013 AGA)<strong>\u00a0<\/strong><\/li>\n<\/ul>\n<p><strong>&#8211; Categoria: PGA PERSPECTIVAS<\/strong><\/p>\n<ul>\n<li><strong>PR\u00d3-REITORIA DE PESQUISA E P\u00d3S-GRADUA\u00c7\u00c3O \u2013 PPG\u00a0<\/strong>(Representada por seu Pr\u00f3-Reitor Prof. Dr. Marcelo Cheche Galves)<\/li>\n<li><strong>PR\u00d3-REITORIA DE GRADUA\u00c7\u00c3O \u2013 PROG\u00a0<\/strong>(Representada por sua Pr\u00f3-Reitora Prof.\u00aa Dr.\u00aa Andreia do Carmo)<\/li>\n<\/ul>\n<p><strong>&#8211; Categoria: PGA ALINHADO<\/strong><\/p>\n<ul>\n<li><strong>CENTRO DE ESTUDOS SUPERIORES DE TIMOM \u2013 CESTI\u00a0<\/strong>(Representado por sua Diretora Prof.\u00aa Dr.\u00aa Edite Sampaio Sotero Leal)<\/li>\n<li><strong>CENTRO DE ESTUDOS SUPERIORES DE BALSAS \u2013 CESBA\u00a0<\/strong>(Representado por seu Diretor Prof. Dr. Luciano Fa\u00e7anha Marques)<strong>\u00a0<\/strong><\/li>\n<\/ul>\n<p><strong>&#8211; Categoria: PGA LEGITIMADO<\/strong><\/p>\n<ul>\n<li><strong>CENTRO DE CI\u00caNCIAS AGR\u00c1RIAS\u00a0<\/strong><strong>\u2013<\/strong><strong>\u00a0CCA\u00a0<\/strong>(Representado por sua Diretora Prof.\u00aa Dr.\u00aa Francisca Neide Costa)<\/li>\n<li><strong>CENTRO DE EDUCA\u00c7\u00c3O, CI\u00caNCIAS EXATAS E NATURAIS \u2013 CECEN\u00a0<\/strong>(Representado por sua Diretora Prof.\u00aa Dr.\u00aa Ana L\u00facia Cunha Duarte)<strong>\u00a0<\/strong><\/li>\n<\/ul>\n<p><strong>&#8211; Categoria: PGA EFICAZ<\/strong><\/p>\n<ul>\n<li><strong>N\u00daCLEO GEOAMBIENTAL \u2013 NUGEO\u00a0<\/strong>(Representado por seu Diretor Prof. Dr. Juscivan Ribeiro Lopes)<\/li>\n<li><strong>CENTRO DE ESTUDOS SUPERIORES DE LAGO DA PEDRA \u2013 CESLAP\u00a0<\/strong>(Representado por sua Diretora Prof.\u00aa Dr.\u00aa Rose Mary Soares Ribeiro.)<strong>\u00a0<\/strong><\/li>\n<\/ul>\n<hr \/>\n<p><strong>Pr\u00eamio de M\u00e9rito em Planejamento Institucional \u2013 Prof. Amaro Jos\u00e9 Theodoro<\/strong><\/p>\n<p><strong>Em 2019 (referente ao PGA 2018)<\/strong><strong>\u00a0<\/strong><\/p>\n<hr \/>\n<p><strong>&#8211; Categoria: DESENVOLVEDOR INSTITUCIONAL<\/strong><\/p>\n<ul>\n<li>Lideran\u00e7a Transformadora:\u00a0<strong>PROF.\u00a0<\/strong><strong>DR. MARCELO CHECHES GALVES\u00a0<\/strong>(Pr\u00f3-Reitoria de Pesquisa e P\u00f3s-Gradua\u00e7\u00e3o \u2013 PPG)<\/li>\n<li>Empreendedor e Inovador:<strong>\u00a0PROF.\u00a0DR. JOS\u00c9 ARNODSON COELHO DE SOUSA CAMPELO\u00a0<\/strong>(Centro de Ci\u00eancias Agr\u00e1rias-CCA)<\/li>\n<li>Internacionaliza\u00e7\u00e3o:<strong>\u00a0PROF.\u00a0DR. THALES PASSOS DE ANDRADE\u00a0<\/strong>(Assessoria de Rela\u00e7\u00f5es Internacionais)<\/li>\n<li>Sustentabilidade:\u00a0<strong>PROF.\u00aa DR.\u00aa RAIMUNDA NONATA FORTES CARVALHO NETA\u00a0<\/strong>(Centro de Educa\u00e7\u00e3o, Ci\u00eancias Exatas e Naturais \u2013 CECEN)<\/li>\n<li>Inclus\u00e3o:\u00a0<strong>PROF.\u00aa M.\u00aa MARILDA DE F\u00c1TIMA LOPES ROSA\u00a0<\/strong>(N\u00facleo de Acessibilidade da UEMA \u2013 NAU)<strong>\u00a0<\/strong><\/li>\n<\/ul>\n<p><strong>&#8211; Categoria: PERSPECTIVAS<\/strong><\/p>\n<ul>\n<li>CESBA \u2013 Centro de Estudos Superiores de Balsas<\/li>\n<li>CCT \u2013 Centro de Ci\u00eancias Tecnol\u00f3gicas<\/li>\n<li>CESLAP \u2013 Centro de Estudos Superiores de Lago da Pedra<\/li>\n<\/ul>\n<p><strong>&#8211; Categoria: ALINHADO<\/strong><\/p>\n<ul>\n<li>Assessoria de Gest\u00e3o Ambiental \u2013 AGA<\/li>\n<li>N\u00facleo de Acessibilidade da UEMA \u2013 NAU<\/li>\n<li>Comiss\u00e3o Pr\u00f3pria de Avalia\u00e7\u00e3o \u2013 CPA<\/li>\n<\/ul>\n<p><strong>&#8211; Categoria: LEGITIMADO\u00a0<\/strong><\/p>\n<ul>\n<li>Pr\u00f3-Reitoria de Extens\u00e3o e Assuntos Estudantis \u2013 PROEXAE<\/li>\n<li>Centro de Ci\u00eancias Agr\u00e1rias \u2013 CCA<\/li>\n<li>Centro de Estudos Superiores de S\u00e3o Jo\u00e3o dos Patos \u2013 CESJOP<\/li>\n<\/ul>\n<p><strong>&#8211; Categoria: EFICAZ<\/strong><\/p>\n<ul>\n<li>Centro de Estudos Superiores de Bacabal \u2013 CESB<\/li>\n<li>Centro do Ci\u00eancias Sociais Aplicadas \u2013 CCA<\/li>\n<li>Centro de Estudos Superiores de Colinas \u2013 CESCO<\/li>\n<\/ul>\n","protected":false},"excerpt":{"rendered":"<p>Premiados com\u00a0M\u00e9rito em Planejamento Institucional &#8211; PGA 2022 Conforme Resolu\u00e7\u00e3o n\u00ba 1029\/2019- CONSUN\/UEMA, Art.2\u00ba, os premiados por categoria s\u00e3o: Desenvolvedor Institucional &#8211; Lideran\u00e7a Transformadora MARANDU &#8211; Ag\u00eancia Uema de Inova\u00e7\u00e3o, Empreendedorismo e Rela\u00e7\u00f5es Institucionais &#8211; Empreendedor(a) e Inovador(a) MARANDU &#8211; Ag\u00eancia Uema de Inova\u00e7\u00e3o, Empreendedorismo e Rela\u00e7\u00f5es Institucionais &#8211;\u00a0Internacionaliza\u00e7\u00e3o\u00a0 SRI &#8211; Superintend\u00eancia de Rela\u00e7\u00f5es Internacionais<\/p>\n<div class=\"read-more\"><a href=\"https:\/\/www.pdi.uema.br\/?page_id=4376\" title=\"Leia Mais\">Leia Mais<\/a><\/div>\n","protected":false},"author":1,"featured_media":0,"parent":0,"menu_order":0,"comment_status":"open","ping_status":"open","template":"","meta":{"footnotes":""},"class_list":["post-4376","page","type-page","status-publish"],"_links":{"self":[{"href":"https:\/\/www.pdi.uema.br\/index.php?rest_route=\/wp\/v2\/pages\/4376","targetHints":{"allow":["GET"]}}],"collection":[{"href":"https:\/\/www.pdi.uema.br\/index.php?rest_route=\/wp\/v2\/pages"}],"about":[{"href":"https:\/\/www.pdi.uema.br\/index.php?rest_route=\/wp\/v2\/types\/page"}],"author":[{"embeddable":true,"href":"https:\/\/www.pdi.uema.br\/index.php?rest_route=\/wp\/v2\/users\/1"}],"replies":[{"embeddable":true,"href":"https:\/\/www.pdi.uema.br\/index.php?rest_route=%2Fwp%2Fv2%2Fcomments&post=4376"}],"version-history":[{"count":22,"href":"https:\/\/www.pdi.uema.br\/index.php?rest_route=\/wp\/v2\/pages\/4376\/revisions"}],"predecessor-version":[{"id":5786,"href":"https:\/\/www.pdi.uema.br\/index.php?rest_route=\/wp\/v2\/pages\/4376\/revisions\/5786"}],"wp:attachment":[{"href":"https:\/\/www.pdi.uema.br\/index.php?rest_route=%2Fwp%2Fv2%2Fmedia&parent=4376"}],"curies":[{"name":"wp","href":"https:\/\/api.w.org\/{rel}","templated":true}]}}