{"id":4407,"date":"2020-06-02T01:05:27","date_gmt":"2020-06-02T01:05:27","guid":{"rendered":"http:\/\/www.pdi.uema.br\/?page_id=4407"},"modified":"2022-03-14T14:18:17","modified_gmt":"2022-03-14T14:18:17","slug":"perfil-institucional","status":"publish","type":"page","link":"https:\/\/www.pdi.uema.br\/?page_id=4407","title":{"rendered":"Perfil Institucional"},"content":{"rendered":"<h3><a href=\"https:\/\/www.pdi.uema.br\/wp-content\/uploads\/2020\/06\/PDI-2021-2025-10-19.pdf\">CLIQUE AQUI PARA ACESSAR O EIXO 1<\/a><\/h3>\n<p>Este eixo apresenta o <strong>perfil institucional da Uema<\/strong>, dando \u00eanfase no hist\u00f3rico institucional e nas \u00e1reas de atua\u00e7\u00e3o acad\u00eamica da Universidade.<\/p>\n<ul>\n<li>1 &#8211; No <strong>Hist\u00f3rico<\/strong>, ser\u00e1 poss\u00edvel conhecer a trajet\u00f3ria da Uema desde sua funda\u00e7\u00e3o, com um breve resumo seguido da linha do tempo com os fatos e datas que marcaram sua hist\u00f3ria;<\/li>\n<li>2 &#8211; No t\u00f3pico: <strong>\u00c1reas de Atua\u00e7\u00e3o Acad\u00eamica<\/strong>, considera-se o amplo papel da Uema na forma\u00e7\u00e3o acad\u00eamica e na produ\u00e7\u00e3o de ci\u00eancia, tecnologia e inova\u00e7\u00e3o no Estado do Maranh\u00e3o, aqui \u00e9 onde estar\u00e3o elencados todos os cursos ofertados pela Universidade em todos os seus n\u00edveis: m\u00e9dio profissionalizante, gradua\u00e7\u00e3o e p\u00f3s-gradua\u00e7\u00e3o, bem como o quantitativo de alunos matriculados.<\/li>\n<\/ul>\n","protected":false},"excerpt":{"rendered":"<p>CLIQUE AQUI PARA ACESSAR O EIXO 1 Este eixo apresenta o perfil institucional da Uema, dando \u00eanfase no hist\u00f3rico institucional e nas \u00e1reas de atua\u00e7\u00e3o acad\u00eamica da Universidade. 1 &#8211; No Hist\u00f3rico, ser\u00e1 poss\u00edvel conhecer a trajet\u00f3ria da Uema desde sua funda\u00e7\u00e3o, com um breve resumo seguido da linha do tempo com os fatos e<\/p>\n<div class=\"read-more\"><a href=\"https:\/\/www.pdi.uema.br\/?page_id=4407\" title=\"Leia Mais\">Leia Mais<\/a><\/div>\n","protected":false},"author":1,"featured_media":0,"parent":4395,"menu_order":0,"comment_status":"open","ping_status":"open","template":"","meta":{"footnotes":""},"class_list":["post-4407","page","type-page","status-publish"],"_links":{"self":[{"href":"https:\/\/www.pdi.uema.br\/index.php?rest_route=\/wp\/v2\/pages\/4407","targetHints":{"allow":["GET"]}}],"collection":[{"href":"https:\/\/www.pdi.uema.br\/index.php?rest_route=\/wp\/v2\/pages"}],"about":[{"href":"https:\/\/www.pdi.uema.br\/index.php?rest_route=\/wp\/v2\/types\/page"}],"author":[{"embeddable":true,"href":"https:\/\/www.pdi.uema.br\/index.php?rest_route=\/wp\/v2\/users\/1"}],"replies":[{"embeddable":true,"href":"https:\/\/www.pdi.uema.br\/index.php?rest_route=%2Fwp%2Fv2%2Fcomments&post=4407"}],"version-history":[{"count":5,"href":"https:\/\/www.pdi.uema.br\/index.php?rest_route=\/wp\/v2\/pages\/4407\/revisions"}],"predecessor-version":[{"id":5052,"href":"https:\/\/www.pdi.uema.br\/index.php?rest_route=\/wp\/v2\/pages\/4407\/revisions\/5052"}],"up":[{"embeddable":true,"href":"https:\/\/www.pdi.uema.br\/index.php?rest_route=\/wp\/v2\/pages\/4395"}],"wp:attachment":[{"href":"https:\/\/www.pdi.uema.br\/index.php?rest_route=%2Fwp%2Fv2%2Fmedia&parent=4407"}],"curies":[{"name":"wp","href":"https:\/\/api.w.org\/{rel}","templated":true}]}}