{"id":4409,"date":"2020-06-02T01:06:28","date_gmt":"2020-06-02T01:06:28","guid":{"rendered":"http:\/\/www.pdi.uema.br\/?page_id=4409"},"modified":"2022-03-14T14:19:19","modified_gmt":"2022-03-14T14:19:19","slug":"diretrizes-estrategicas","status":"publish","type":"page","link":"https:\/\/www.pdi.uema.br\/?page_id=4409","title":{"rendered":"Diretrizes Estrat\u00e9gicas"},"content":{"rendered":"<h3><a href=\"https:\/\/www.pdi.uema.br\/wp-content\/uploads\/2020\/06\/PDI-2021-2025-20-37.pdf\">CLIQUE AQUI PARA ACESSAR O EIXO 2<\/a><\/h3>\n<p>Este eixo apresenta a <strong>miss\u00e3o<\/strong>,<strong> vis\u00e3o<\/strong> e <strong>valores<\/strong> da Universidade, bem como o <strong>diagn\u00f3stico institucional<\/strong> e suas <strong>diretrizes estrat\u00e9gicas<\/strong>. O objetivo deste eixo \u00e9 estabelecer um direcionamento estrat\u00e9gico que facilite a defini\u00e7\u00e3o de metas e indicadores em cada eixo tem\u00e1tico contemplado no novo PDI.<\/p>\n<p>A revis\u00e3o da miss\u00e3o, vis\u00e3o e valores da Uema faz-se necess\u00e1ria, pois estes tr\u00eas elementos refletem e contemplam o planejamento da Universidade dentro do horizonte de tempo deste novo PDI (2021-2025), o desenvolvimento consciente das a\u00e7\u00f5es institucionais e dos componentes que os refor\u00e7am.<\/p>\n<p>O diagn\u00f3stico institucional \u00e9 baseado na constru\u00e7\u00e3o de uma<strong> Matriz SWOT da Universidade<\/strong>, onde se realiza uma an\u00e1lise do ambiente interno e externo da Uema, por meio de uma listagem de pontos fortes, pontos fracos, amea\u00e7as e oportunidades que espelham a realidade do momento para a Uema.<\/p>\n<p>As diretrizes estrat\u00e9gicas s\u00e3o baseadas em um conjunto de objetivos estrat\u00e9gicos que tem por finalidade <strong>minimizar ou eliminar os pontos fracos e as amea\u00e7as<\/strong>, ao mesmo tempo em que <strong>explora os pontos fortes e oportunidades<\/strong> identificados por meio da An\u00e1lise SWOT realizada. As diretrizes estrat\u00e9gicas devem ser delineadas e, posteriormente, agrupadas em 4 perspectivas (sociedade, academia, compet\u00eancias e gest\u00e3o) levando-se em considera\u00e7\u00e3o a realidade da Universidade dentro do horizonte de tempo deste <strong>novo PDI (2021-2025).<\/strong><\/p>\n","protected":false},"excerpt":{"rendered":"<p>CLIQUE AQUI PARA ACESSAR O EIXO 2 Este eixo apresenta a miss\u00e3o, vis\u00e3o e valores da Universidade, bem como o diagn\u00f3stico institucional e suas diretrizes estrat\u00e9gicas. O objetivo deste eixo \u00e9 estabelecer um direcionamento estrat\u00e9gico que facilite a defini\u00e7\u00e3o de metas e indicadores em cada eixo tem\u00e1tico contemplado no novo PDI. A revis\u00e3o da miss\u00e3o,<\/p>\n<div class=\"read-more\"><a href=\"https:\/\/www.pdi.uema.br\/?page_id=4409\" title=\"Leia Mais\">Leia Mais<\/a><\/div>\n","protected":false},"author":1,"featured_media":0,"parent":4395,"menu_order":0,"comment_status":"open","ping_status":"open","template":"","meta":{"footnotes":""},"class_list":["post-4409","page","type-page","status-publish"],"_links":{"self":[{"href":"https:\/\/www.pdi.uema.br\/index.php?rest_route=\/wp\/v2\/pages\/4409","targetHints":{"allow":["GET"]}}],"collection":[{"href":"https:\/\/www.pdi.uema.br\/index.php?rest_route=\/wp\/v2\/pages"}],"about":[{"href":"https:\/\/www.pdi.uema.br\/index.php?rest_route=\/wp\/v2\/types\/page"}],"author":[{"embeddable":true,"href":"https:\/\/www.pdi.uema.br\/index.php?rest_route=\/wp\/v2\/users\/1"}],"replies":[{"embeddable":true,"href":"https:\/\/www.pdi.uema.br\/index.php?rest_route=%2Fwp%2Fv2%2Fcomments&post=4409"}],"version-history":[{"count":4,"href":"https:\/\/www.pdi.uema.br\/index.php?rest_route=\/wp\/v2\/pages\/4409\/revisions"}],"predecessor-version":[{"id":5057,"href":"https:\/\/www.pdi.uema.br\/index.php?rest_route=\/wp\/v2\/pages\/4409\/revisions\/5057"}],"up":[{"embeddable":true,"href":"https:\/\/www.pdi.uema.br\/index.php?rest_route=\/wp\/v2\/pages\/4395"}],"wp:attachment":[{"href":"https:\/\/www.pdi.uema.br\/index.php?rest_route=%2Fwp%2Fv2%2Fmedia&parent=4409"}],"curies":[{"name":"wp","href":"https:\/\/api.w.org\/{rel}","templated":true}]}}