{"id":4411,"date":"2020-06-02T01:06:40","date_gmt":"2020-06-02T01:06:40","guid":{"rendered":"http:\/\/www.pdi.uema.br\/?page_id=4411"},"modified":"2022-03-14T14:20:12","modified_gmt":"2022-03-14T14:20:12","slug":"ppi","status":"publish","type":"page","link":"https:\/\/www.pdi.uema.br\/?page_id=4411","title":{"rendered":"PPI"},"content":{"rendered":"<h3><a href=\"https:\/\/www.pdi.uema.br\/wp-content\/uploads\/2020\/06\/PDI-2021-2025-38-91.pdf\">CLIQUE AQUI PARA ACESSAR O EIXO 3<\/a><\/h3>\n<p>O<strong> PROJETO PEDAG\u00d3GICO INSTITUCIONAL (PPI)\u00a0<\/strong>deve ser entendido como um instrumento <strong>filos\u00f3fico<\/strong>, <strong>pol\u00edtico<\/strong> e <strong>pedag\u00f3gico<\/strong> que orienta todas as pr\u00e1ticas de <strong>ensino<\/strong>, <strong>pesquisa<\/strong> e <strong>extens\u00e3o<\/strong> da Uema, considerando sua trajet\u00f3ria hist\u00f3rica, miss\u00e3o, objetivos e inser\u00e7\u00e3o regional. Em um aspecto amplo pode ser considerado uma<strong> declara\u00e7\u00e3o<\/strong> de sua identidade institucional; uma enuncia\u00e7\u00e3o da linha filos\u00f3fica e pedag\u00f3gica que embasa todos os cursos, programas e projetos da institui\u00e7\u00e3o, na dire\u00e7\u00e3o de consolidar o funcionamento org\u00e2nico e a obten\u00e7\u00e3o de indicadores de qualidade, reconhecidos pela <strong>comunidade acad\u00eamica <\/strong>e pela<strong> sociedade<\/strong>.<\/p>\n<p>Neste eixo s\u00e3o apresentados elementos que comp\u00f5em a <strong>organiza\u00e7\u00e3o da Institui\u00e7\u00e3o<\/strong>, a saber: inser\u00e7\u00e3o regional; princ\u00edpios filos\u00f3ficos e t\u00e9cnico-metodol\u00f3gicos; organiza\u00e7\u00e3o did\u00e1tico-pedag\u00f3gica; pol\u00edticas de gradua\u00e7\u00e3o, p\u00f3s-gradua\u00e7\u00e3o, extens\u00e3o e educa\u00e7\u00e3o \u00e0 dist\u00e2ncia; diretrizes de responsabilidade socioambiental e educa\u00e7\u00e3o inclusiva.<\/p>\n","protected":false},"excerpt":{"rendered":"<p>CLIQUE AQUI PARA ACESSAR O EIXO 3 O PROJETO PEDAG\u00d3GICO INSTITUCIONAL (PPI)\u00a0deve ser entendido como um instrumento filos\u00f3fico, pol\u00edtico e pedag\u00f3gico que orienta todas as pr\u00e1ticas de ensino, pesquisa e extens\u00e3o da Uema, considerando sua trajet\u00f3ria hist\u00f3rica, miss\u00e3o, objetivos e inser\u00e7\u00e3o regional. Em um aspecto amplo pode ser considerado uma declara\u00e7\u00e3o de sua identidade institucional;<\/p>\n<div class=\"read-more\"><a href=\"https:\/\/www.pdi.uema.br\/?page_id=4411\" title=\"Leia Mais\">Leia Mais<\/a><\/div>\n","protected":false},"author":1,"featured_media":0,"parent":4395,"menu_order":0,"comment_status":"open","ping_status":"open","template":"","meta":{"footnotes":""},"class_list":["post-4411","page","type-page","status-publish"],"_links":{"self":[{"href":"https:\/\/www.pdi.uema.br\/index.php?rest_route=\/wp\/v2\/pages\/4411","targetHints":{"allow":["GET"]}}],"collection":[{"href":"https:\/\/www.pdi.uema.br\/index.php?rest_route=\/wp\/v2\/pages"}],"about":[{"href":"https:\/\/www.pdi.uema.br\/index.php?rest_route=\/wp\/v2\/types\/page"}],"author":[{"embeddable":true,"href":"https:\/\/www.pdi.uema.br\/index.php?rest_route=\/wp\/v2\/users\/1"}],"replies":[{"embeddable":true,"href":"https:\/\/www.pdi.uema.br\/index.php?rest_route=%2Fwp%2Fv2%2Fcomments&post=4411"}],"version-history":[{"count":4,"href":"https:\/\/www.pdi.uema.br\/index.php?rest_route=\/wp\/v2\/pages\/4411\/revisions"}],"predecessor-version":[{"id":4699,"href":"https:\/\/www.pdi.uema.br\/index.php?rest_route=\/wp\/v2\/pages\/4411\/revisions\/4699"}],"up":[{"embeddable":true,"href":"https:\/\/www.pdi.uema.br\/index.php?rest_route=\/wp\/v2\/pages\/4395"}],"wp:attachment":[{"href":"https:\/\/www.pdi.uema.br\/index.php?rest_route=%2Fwp%2Fv2%2Fmedia&parent=4411"}],"curies":[{"name":"wp","href":"https:\/\/api.w.org\/{rel}","templated":true}]}}