{"id":4415,"date":"2020-06-02T01:07:20","date_gmt":"2020-06-02T01:07:20","guid":{"rendered":"http:\/\/www.pdi.uema.br\/?page_id=4415"},"modified":"2022-03-14T14:23:43","modified_gmt":"2022-03-14T14:23:43","slug":"politicas","status":"publish","type":"page","link":"https:\/\/www.pdi.uema.br\/?page_id=4415","title":{"rendered":"Pol\u00edticas de Apoio ao Discente"},"content":{"rendered":"<h3><a href=\"https:\/\/www.pdi.uema.br\/wp-content\/uploads\/2020\/06\/PDI-2021-2025-118-145.pdf\">CLIQUE AQUI PARA ACESSAR O EIXO 5<\/a><\/h3>\n<p>A proposta deste eixo tem\u00e1tico \u00e9 <strong>apresentar diretrizes norteadoras<\/strong> para a defini\u00e7\u00e3o e articula\u00e7\u00e3o de <strong>a\u00e7\u00f5es assistenciais<\/strong> que estejam relacionadas \u00e0s atividades de <strong>ensino<\/strong>, <strong>pesquisa<\/strong> e <strong>extens\u00e3o<\/strong>, bem como voltadas para a<strong> inclus\u00e3o social<\/strong> e a melhoria do <strong>desempenho acad\u00eamico<\/strong> e da <strong>qualidade de vida<\/strong> de estudantes com <strong>vulnerabilidade socioecon\u00f4mica<\/strong>, regularmente matriculados em cursos de gradua\u00e7\u00e3o e p\u00f3s-gradua\u00e7\u00e3o da Universidade.<\/p>\n<p>Este eixo tem\u00e1tico aborda elementos referentes \u00e0 <strong>pol\u00edtica de apoio ao discente<\/strong>, como: objetivos e pol\u00edticas de assist\u00eancia estudantil implementadas, acolhida acad\u00eamica, organiza\u00e7\u00e3o estudantil dos diret\u00f3rios acad\u00eamicos, a\u00e7\u00f5es de natureza cultural e de lazer, acompanhamento de egressos, bem como a\u00e7\u00f5es de assist\u00eancia estudantil que dever\u00e3o ser implementadas dentro do horizonte de tempo deste novo <strong>PDI (2021-2025).<\/strong><\/p>\n<p><strong>&gt; Obs.:<\/strong>\u00a0\u00c9 importante salientar que a estrutura descrita neste eixo tem\u00e1tico \u00e9\u00a0<strong>preliminar.<\/strong>\u00a0Ela serve, apenas, como ponto de partida e<strong>\u00a0pode ser modificada<\/strong>\u00a0ao longo do processo em raz\u00e3o da defini\u00e7\u00e3o das diretrizes estrat\u00e9gicas, do trabalho das comiss\u00f5es executivas e tem\u00e1ticas, bem como das intera\u00e7\u00f5es com a comunidade interna e externa, garantindo, assim, uma ampla e efetiva constru\u00e7\u00e3o coletiva do novo PDI (2021-2025).<\/p>\n","protected":false},"excerpt":{"rendered":"<p>CLIQUE AQUI PARA ACESSAR O EIXO 5 A proposta deste eixo tem\u00e1tico \u00e9 apresentar diretrizes norteadoras para a defini\u00e7\u00e3o e articula\u00e7\u00e3o de a\u00e7\u00f5es assistenciais que estejam relacionadas \u00e0s atividades de ensino, pesquisa e extens\u00e3o, bem como voltadas para a inclus\u00e3o social e a melhoria do desempenho acad\u00eamico e da qualidade de vida de estudantes com<\/p>\n<div class=\"read-more\"><a href=\"https:\/\/www.pdi.uema.br\/?page_id=4415\" title=\"Leia Mais\">Leia Mais<\/a><\/div>\n","protected":false},"author":1,"featured_media":0,"parent":4395,"menu_order":0,"comment_status":"open","ping_status":"open","template":"","meta":{"footnotes":""},"class_list":["post-4415","page","type-page","status-publish"],"_links":{"self":[{"href":"https:\/\/www.pdi.uema.br\/index.php?rest_route=\/wp\/v2\/pages\/4415","targetHints":{"allow":["GET"]}}],"collection":[{"href":"https:\/\/www.pdi.uema.br\/index.php?rest_route=\/wp\/v2\/pages"}],"about":[{"href":"https:\/\/www.pdi.uema.br\/index.php?rest_route=\/wp\/v2\/types\/page"}],"author":[{"embeddable":true,"href":"https:\/\/www.pdi.uema.br\/index.php?rest_route=\/wp\/v2\/users\/1"}],"replies":[{"embeddable":true,"href":"https:\/\/www.pdi.uema.br\/index.php?rest_route=%2Fwp%2Fv2%2Fcomments&post=4415"}],"version-history":[{"count":6,"href":"https:\/\/www.pdi.uema.br\/index.php?rest_route=\/wp\/v2\/pages\/4415\/revisions"}],"predecessor-version":[{"id":5066,"href":"https:\/\/www.pdi.uema.br\/index.php?rest_route=\/wp\/v2\/pages\/4415\/revisions\/5066"}],"up":[{"embeddable":true,"href":"https:\/\/www.pdi.uema.br\/index.php?rest_route=\/wp\/v2\/pages\/4395"}],"wp:attachment":[{"href":"https:\/\/www.pdi.uema.br\/index.php?rest_route=%2Fwp%2Fv2%2Fmedia&parent=4415"}],"curies":[{"name":"wp","href":"https:\/\/api.w.org\/{rel}","templated":true}]}}