{"id":4419,"date":"2020-06-02T01:07:58","date_gmt":"2020-06-02T01:07:58","guid":{"rendered":"http:\/\/www.pdi.uema.br\/?page_id=4419"},"modified":"2022-03-14T14:25:17","modified_gmt":"2022-03-14T14:25:17","slug":"corpo-docente-e-administrativo","status":"publish","type":"page","link":"https:\/\/www.pdi.uema.br\/?page_id=4419","title":{"rendered":"Corpo Docente e Administrativo"},"content":{"rendered":"<h3><a href=\"https:\/\/www.pdi.uema.br\/wp-content\/uploads\/2020\/06\/PDI-2021-2025-202-225.pdf\">CLIQUE AQUI PARA ACESSAR O EIXO 7<\/a><\/h3>\n<p>O <strong>corpo DOCENTE<\/strong> da Uema compreende os <strong>professores integrantes da Carreira do Magist\u00e9rio Superior<\/strong>, bem como os professores <strong>visitantes<\/strong> e os professores <strong>substitutos<\/strong>. Este eixo tem\u00e1tico apresenta elementos referentes a estes professores, a saber: a composi\u00e7\u00e3o do quadro atual; plano de carreira; pol\u00edticas de qualifica\u00e7\u00e3o; crit\u00e9rios de sele\u00e7\u00e3o e contrata\u00e7\u00e3o; procedimentos para recomposi\u00e7\u00e3o e planos de expans\u00e3o do corpo docente da Universidade.<\/p>\n<p>J\u00e1 o quadro <strong>T\u00c9CNICO ADMINISTRATIVO<\/strong> da Uema \u00e9 composto por <strong>servidores efetivos<\/strong> que exercem atividades <strong>administrativas operacionais<\/strong> (ADO) e a atividades de <strong>n\u00edvel superior<\/strong> (ANS). Portanto, este eixo tem\u00e1tico apresenta elementos referentes ao corpo t\u00e9cnico administrativo da Universidade, a saber: a composi\u00e7\u00e3o do quadro atual; plano de carreira; pol\u00edticas de qualifica\u00e7\u00e3o; crit\u00e9rios de sele\u00e7\u00e3o e contrata\u00e7\u00e3o; plano de expans\u00e3o do quadro de pessoal; e propostas de desenvolvimento do quadro t\u00e9cnico administrativo da Uema.<\/p>\n<p><strong>&gt; Obs.:<\/strong>\u00a0\u00c9 importante salientar que a estrutura descrita neste eixo tem\u00e1tico \u00e9\u00a0<strong>preliminar.<\/strong>\u00a0Ela serve, apenas, como ponto de partida e<strong>\u00a0pode ser modificada<\/strong>\u00a0ao longo do processo em raz\u00e3o da defini\u00e7\u00e3o das diretrizes estrat\u00e9gicas, do trabalho das comiss\u00f5es executivas e tem\u00e1ticas, bem como das intera\u00e7\u00f5es com a comunidade interna e externa, garantindo, assim, uma ampla e efetiva constru\u00e7\u00e3o coletiva do novo PDI (2021-2025).<\/p>\n","protected":false},"excerpt":{"rendered":"<p>CLIQUE AQUI PARA ACESSAR O EIXO 7 O corpo DOCENTE da Uema compreende os professores integrantes da Carreira do Magist\u00e9rio Superior, bem como os professores visitantes e os professores substitutos. Este eixo tem\u00e1tico apresenta elementos referentes a estes professores, a saber: a composi\u00e7\u00e3o do quadro atual; plano de carreira; pol\u00edticas de qualifica\u00e7\u00e3o; crit\u00e9rios de sele\u00e7\u00e3o<\/p>\n<div class=\"read-more\"><a href=\"https:\/\/www.pdi.uema.br\/?page_id=4419\" title=\"Leia Mais\">Leia Mais<\/a><\/div>\n","protected":false},"author":1,"featured_media":0,"parent":4395,"menu_order":0,"comment_status":"open","ping_status":"open","template":"","meta":{"footnotes":""},"class_list":["post-4419","page","type-page","status-publish"],"_links":{"self":[{"href":"https:\/\/www.pdi.uema.br\/index.php?rest_route=\/wp\/v2\/pages\/4419","targetHints":{"allow":["GET"]}}],"collection":[{"href":"https:\/\/www.pdi.uema.br\/index.php?rest_route=\/wp\/v2\/pages"}],"about":[{"href":"https:\/\/www.pdi.uema.br\/index.php?rest_route=\/wp\/v2\/types\/page"}],"author":[{"embeddable":true,"href":"https:\/\/www.pdi.uema.br\/index.php?rest_route=\/wp\/v2\/users\/1"}],"replies":[{"embeddable":true,"href":"https:\/\/www.pdi.uema.br\/index.php?rest_route=%2Fwp%2Fv2%2Fcomments&post=4419"}],"version-history":[{"count":5,"href":"https:\/\/www.pdi.uema.br\/index.php?rest_route=\/wp\/v2\/pages\/4419\/revisions"}],"predecessor-version":[{"id":5072,"href":"https:\/\/www.pdi.uema.br\/index.php?rest_route=\/wp\/v2\/pages\/4419\/revisions\/5072"}],"up":[{"embeddable":true,"href":"https:\/\/www.pdi.uema.br\/index.php?rest_route=\/wp\/v2\/pages\/4395"}],"wp:attachment":[{"href":"https:\/\/www.pdi.uema.br\/index.php?rest_route=%2Fwp%2Fv2%2Fmedia&parent=4419"}],"curies":[{"name":"wp","href":"https:\/\/api.w.org\/{rel}","templated":true}]}}