{"id":4421,"date":"2020-06-02T01:08:11","date_gmt":"2020-06-02T01:08:11","guid":{"rendered":"http:\/\/www.pdi.uema.br\/?page_id=4421"},"modified":"2022-03-14T14:26:09","modified_gmt":"2022-03-14T14:26:09","slug":"infraestrutura","status":"publish","type":"page","link":"https:\/\/www.pdi.uema.br\/?page_id=4421","title":{"rendered":"Infraestrutura"},"content":{"rendered":"<h3><a href=\"https:\/\/www.pdi.uema.br\/wp-content\/uploads\/2020\/06\/PDI-2021-2025-226-297.pdf\">CLIQUE AQUI PARA ACESSAR O EIXO 8<\/a><\/h3>\n<p>Este eixo tem\u00e1tico trata sobre a infraestrutura da Universidade, apresentando suas \u00e1reas f\u00edsicas existentes; planos de expans\u00e3o da infraestrutura e instala\u00e7\u00f5es; plano de promo\u00e7\u00e3o e diretrizes do plano de acessibilidade; al\u00e9m de sistemas corporativos.<\/p>\n<p><strong>&gt; Obs.:<\/strong>\u00a0\u00c9 importante salientar que a estrutura descrita neste eixo tem\u00e1tico \u00e9\u00a0<strong>preliminar.<\/strong>\u00a0Ela serve, apenas, como ponto de partida e<strong>\u00a0pode ser modificada<\/strong>\u00a0ao longo do processo em raz\u00e3o da defini\u00e7\u00e3o das diretrizes estrat\u00e9gicas, do trabalho das comiss\u00f5es executivas e tem\u00e1ticas, bem como das intera\u00e7\u00f5es com a comunidade interna e externa, garantindo, assim, uma ampla e efetiva constru\u00e7\u00e3o coletiva do novo PDI (2021-2025).<\/p>\n","protected":false},"excerpt":{"rendered":"<p>CLIQUE AQUI PARA ACESSAR O EIXO 8 Este eixo tem\u00e1tico trata sobre a infraestrutura da Universidade, apresentando suas \u00e1reas f\u00edsicas existentes; planos de expans\u00e3o da infraestrutura e instala\u00e7\u00f5es; plano de promo\u00e7\u00e3o e diretrizes do plano de acessibilidade; al\u00e9m de sistemas corporativos. &gt; Obs.:\u00a0\u00c9 importante salientar que a estrutura descrita neste eixo tem\u00e1tico \u00e9\u00a0preliminar.\u00a0Ela serve, apenas,<\/p>\n<div class=\"read-more\"><a href=\"https:\/\/www.pdi.uema.br\/?page_id=4421\" title=\"Leia Mais\">Leia Mais<\/a><\/div>\n","protected":false},"author":1,"featured_media":0,"parent":4395,"menu_order":0,"comment_status":"open","ping_status":"open","template":"","meta":{"footnotes":""},"class_list":["post-4421","page","type-page","status-publish"],"_links":{"self":[{"href":"https:\/\/www.pdi.uema.br\/index.php?rest_route=\/wp\/v2\/pages\/4421","targetHints":{"allow":["GET"]}}],"collection":[{"href":"https:\/\/www.pdi.uema.br\/index.php?rest_route=\/wp\/v2\/pages"}],"about":[{"href":"https:\/\/www.pdi.uema.br\/index.php?rest_route=\/wp\/v2\/types\/page"}],"author":[{"embeddable":true,"href":"https:\/\/www.pdi.uema.br\/index.php?rest_route=\/wp\/v2\/users\/1"}],"replies":[{"embeddable":true,"href":"https:\/\/www.pdi.uema.br\/index.php?rest_route=%2Fwp%2Fv2%2Fcomments&post=4421"}],"version-history":[{"count":4,"href":"https:\/\/www.pdi.uema.br\/index.php?rest_route=\/wp\/v2\/pages\/4421\/revisions"}],"predecessor-version":[{"id":4722,"href":"https:\/\/www.pdi.uema.br\/index.php?rest_route=\/wp\/v2\/pages\/4421\/revisions\/4722"}],"up":[{"embeddable":true,"href":"https:\/\/www.pdi.uema.br\/index.php?rest_route=\/wp\/v2\/pages\/4395"}],"wp:attachment":[{"href":"https:\/\/www.pdi.uema.br\/index.php?rest_route=%2Fwp%2Fv2%2Fmedia&parent=4421"}],"curies":[{"name":"wp","href":"https:\/\/api.w.org\/{rel}","templated":true}]}}