{"id":4425,"date":"2020-06-02T01:09:04","date_gmt":"2020-06-02T01:09:04","guid":{"rendered":"http:\/\/www.pdi.uema.br\/?page_id=4425"},"modified":"2022-03-14T16:40:48","modified_gmt":"2022-03-14T16:40:48","slug":"avaliacao-e-acompanhamento","status":"publish","type":"page","link":"https:\/\/www.pdi.uema.br\/?page_id=4425","title":{"rendered":"Avalia\u00e7\u00e3o e Acompanhamento"},"content":{"rendered":"<h3><a href=\"https:\/\/www.pdi.uema.br\/wp-content\/uploads\/2020\/06\/PDI-2021-2025-310-322.pdf\">CLIQUE AQUI PARA ACESSAR O EIXO 10<\/a><\/h3>\n<p>O Sistema Nacional de Avalia\u00e7\u00e3o da Educa\u00e7\u00e3o Superior (SINAES) \u00e9 o atual sistema avaliativo em vigor e preconiza o processo avaliativo sob tr\u00eas pilares: a institui\u00e7\u00e3o, os cursos e o Exame de Desempenho Acad\u00eamico dos Estudantes (ENADE). Na Uema, os processos avaliativos acontecem de duas formas: (a) avalia\u00e7\u00f5es externas realizadas in loco; e (b) pela autoavalia\u00e7\u00e3o institucional.<\/p>\n<p>As avalia\u00e7\u00f5es in loco s\u00e3o realizadas por comiss\u00f5es designadas: para a<strong> Educa\u00e7\u00e3o a Distancia<\/strong>, estas avalia\u00e7\u00f5es s\u00e3o realizadas pelo Instituto Nacional de Estudos e Pesquisas Educacionais An\u00edsio Teixeira (INEP). J\u00e1 nos <strong>Cursos Presenciais<\/strong>, s\u00e3o realizadas pelo Conselho Estadual de Educa\u00e7\u00e3o (CEE\/MA).<\/p>\n<p>J\u00e1 a <strong>Autoavalia\u00e7\u00e3o Institucional<\/strong> \u00e9 realizada pela Comiss\u00e3o Pr\u00f3pria de Avalia\u00e7\u00e3o (CPA), que ap\u00f3s conduzir o processo de avalia\u00e7\u00e3o interna, deve sistematizar os resultados em um relat\u00f3rio anual para fins de atendimento \u00e0s determina\u00e7\u00f5es do INEP e do CEE\/MA, bem como a publiciza\u00e7\u00e3o das informa\u00e7\u00f5es para a comunidade acad\u00eamica e setores da Uema.<\/p>\n<p>Desta forma, este eixo tem\u00e1tico busca <strong>tratar da pol\u00edtica de avalia\u00e7\u00e3o institucional na Uema<\/strong>, apresentando a avalia\u00e7\u00e3o do PDI e uso dos resultados da avalia\u00e7\u00e3o institucional.<\/p>\n","protected":false},"excerpt":{"rendered":"<p>CLIQUE AQUI PARA ACESSAR O EIXO 10 O Sistema Nacional de Avalia\u00e7\u00e3o da Educa\u00e7\u00e3o Superior (SINAES) \u00e9 o atual sistema avaliativo em vigor e preconiza o processo avaliativo sob tr\u00eas pilares: a institui\u00e7\u00e3o, os cursos e o Exame de Desempenho Acad\u00eamico dos Estudantes (ENADE). Na Uema, os processos avaliativos acontecem de duas formas: (a) avalia\u00e7\u00f5es<\/p>\n<div class=\"read-more\"><a href=\"https:\/\/www.pdi.uema.br\/?page_id=4425\" title=\"Leia Mais\">Leia Mais<\/a><\/div>\n","protected":false},"author":1,"featured_media":0,"parent":4395,"menu_order":0,"comment_status":"open","ping_status":"open","template":"","meta":{"footnotes":""},"class_list":["post-4425","page","type-page","status-publish"],"_links":{"self":[{"href":"https:\/\/www.pdi.uema.br\/index.php?rest_route=\/wp\/v2\/pages\/4425","targetHints":{"allow":["GET"]}}],"collection":[{"href":"https:\/\/www.pdi.uema.br\/index.php?rest_route=\/wp\/v2\/pages"}],"about":[{"href":"https:\/\/www.pdi.uema.br\/index.php?rest_route=\/wp\/v2\/types\/page"}],"author":[{"embeddable":true,"href":"https:\/\/www.pdi.uema.br\/index.php?rest_route=\/wp\/v2\/users\/1"}],"replies":[{"embeddable":true,"href":"https:\/\/www.pdi.uema.br\/index.php?rest_route=%2Fwp%2Fv2%2Fcomments&post=4425"}],"version-history":[{"count":5,"href":"https:\/\/www.pdi.uema.br\/index.php?rest_route=\/wp\/v2\/pages\/4425\/revisions"}],"predecessor-version":[{"id":5080,"href":"https:\/\/www.pdi.uema.br\/index.php?rest_route=\/wp\/v2\/pages\/4425\/revisions\/5080"}],"up":[{"embeddable":true,"href":"https:\/\/www.pdi.uema.br\/index.php?rest_route=\/wp\/v2\/pages\/4395"}],"wp:attachment":[{"href":"https:\/\/www.pdi.uema.br\/index.php?rest_route=%2Fwp%2Fv2%2Fmedia&parent=4425"}],"curies":[{"name":"wp","href":"https:\/\/api.w.org\/{rel}","templated":true}]}}