{"id":4427,"date":"2020-06-02T01:09:25","date_gmt":"2020-06-02T01:09:25","guid":{"rendered":"http:\/\/www.pdi.uema.br\/?page_id=4427"},"modified":"2020-07-15T14:09:44","modified_gmt":"2020-07-15T14:09:44","slug":"legislacao","status":"publish","type":"page","link":"https:\/\/www.pdi.uema.br\/?page_id=4427","title":{"rendered":"Leis"},"content":{"rendered":"<ul>\n<li><strong><strong>1 &#8211;\u00a0<strong>LEI N.\u00ba 9.394, DE 20 DE DEZEMBRO DE 1996\u00a0<\/strong><\/strong><\/strong><strong>&#8211;\u00a0<\/strong>Estabelece as diretrizes e bases da educa\u00e7\u00e3o nacional.<\/li>\n<li>&gt;\u00a0<a href=\"http:\/\/www.pdi.uema.br\/wp-content\/uploads\/2020\/06\/LEI-N\u00ba-9.394-DE-20-DE-DEZEMBRO-DE-1996.pdf\">VISUALIZE AQUI<\/a><\/li>\n<\/ul>\n<p>&nbsp;<\/p>\n<ul>\n<li><strong><strong>2 &#8211;\u00a0<\/strong><\/strong><strong>LEI N.\u00ba 13.005, DE 25 DE JUNHO DE 2014\u00a0<\/strong><strong>&#8211;\u00a0<\/strong>Aprova o Plano Nacional de Educa\u00e7\u00e3o &#8211; PNE e d\u00e1 outras provid\u00eancias.<\/li>\n<li>&gt;\u00a0<a href=\"http:\/\/www.pdi.uema.br\/wp-content\/uploads\/2020\/06\/LEI-N\u00ba-13.005-DE-25-DE-JUNHO-DE-2014-1.pdf\">VISUALIZE AQUI<\/a><\/li>\n<\/ul>\n<p>&nbsp;<\/p>\n<ul>\n<li><strong><strong>3 &#8211;\u00a0<\/strong><\/strong><strong>LEI N.\u00ba 10.861, DE 14 DE ABRIL DE 2004\u00a0<\/strong><strong>&#8211; <\/strong>Institui o Sistema Nacional de Avalia\u00e7\u00e3o da Educa\u00e7\u00e3o Superior (SINAES) e d\u00e1 outras provid\u00eancias.<\/li>\n<li>&gt;\u00a0<a href=\"http:\/\/www.pdi.uema.br\/wp-content\/uploads\/2020\/06\/LEI-N\u00ba-10.861-DE-14-DE-ABRIL-DE-2004-1.pdf\">VISUALIZE AQUI<\/a><\/li>\n<\/ul>\n","protected":false},"excerpt":{"rendered":"<p>1 &#8211;\u00a0LEI N.\u00ba 9.394, DE 20 DE DEZEMBRO DE 1996\u00a0&#8211;\u00a0Estabelece as diretrizes e bases da educa\u00e7\u00e3o nacional. &gt;\u00a0VISUALIZE AQUI &nbsp; 2 &#8211;\u00a0LEI N.\u00ba 13.005, DE 25 DE JUNHO DE 2014\u00a0&#8211;\u00a0Aprova o Plano Nacional de Educa\u00e7\u00e3o &#8211; PNE e d\u00e1 outras provid\u00eancias. &gt;\u00a0VISUALIZE AQUI &nbsp; 3 &#8211;\u00a0LEI N.\u00ba 10.861, DE 14 DE ABRIL DE 2004\u00a0&#8211; Institui<\/p>\n<div class=\"read-more\"><a href=\"https:\/\/www.pdi.uema.br\/?page_id=4427\" title=\"Leia Mais\">Leia Mais<\/a><\/div>\n","protected":false},"author":1,"featured_media":0,"parent":4395,"menu_order":0,"comment_status":"open","ping_status":"open","template":"","meta":{"footnotes":""},"class_list":["post-4427","page","type-page","status-publish"],"_links":{"self":[{"href":"https:\/\/www.pdi.uema.br\/index.php?rest_route=\/wp\/v2\/pages\/4427","targetHints":{"allow":["GET"]}}],"collection":[{"href":"https:\/\/www.pdi.uema.br\/index.php?rest_route=\/wp\/v2\/pages"}],"about":[{"href":"https:\/\/www.pdi.uema.br\/index.php?rest_route=\/wp\/v2\/types\/page"}],"author":[{"embeddable":true,"href":"https:\/\/www.pdi.uema.br\/index.php?rest_route=\/wp\/v2\/users\/1"}],"replies":[{"embeddable":true,"href":"https:\/\/www.pdi.uema.br\/index.php?rest_route=%2Fwp%2Fv2%2Fcomments&post=4427"}],"version-history":[{"count":18,"href":"https:\/\/www.pdi.uema.br\/index.php?rest_route=\/wp\/v2\/pages\/4427\/revisions"}],"predecessor-version":[{"id":4743,"href":"https:\/\/www.pdi.uema.br\/index.php?rest_route=\/wp\/v2\/pages\/4427\/revisions\/4743"}],"up":[{"embeddable":true,"href":"https:\/\/www.pdi.uema.br\/index.php?rest_route=\/wp\/v2\/pages\/4395"}],"wp:attachment":[{"href":"https:\/\/www.pdi.uema.br\/index.php?rest_route=%2Fwp%2Fv2%2Fmedia&parent=4427"}],"curies":[{"name":"wp","href":"https:\/\/api.w.org\/{rel}","templated":true}]}}