{"id":4429,"date":"2020-06-02T01:09:44","date_gmt":"2020-06-02T01:09:44","guid":{"rendered":"http:\/\/www.pdi.uema.br\/?page_id=4429"},"modified":"2020-11-12T18:50:36","modified_gmt":"2020-11-12T18:50:36","slug":"portarias","status":"publish","type":"page","link":"https:\/\/www.pdi.uema.br\/?page_id=4429","title":{"rendered":"Portarias"},"content":{"rendered":"<ul>\n<li><strong><strong>1<strong> &#8211;\u00a0<\/strong><\/strong><\/strong><strong>PORTARIA N.\u00ba 315, DE 4 DE ABRIL DE 2018\u00a0<\/strong><strong><strong> &#8211;\u00a0<\/strong><\/strong>Disp\u00f5e sobre os procedimentos de supervis\u00e3o e monitoramento de institui\u00e7\u00f5es de educa\u00e7\u00e3o superior integrantes do Sistema Federal de Ensino e de cursos superiores de gradua\u00e7\u00e3o e de p\u00f3s-gradua\u00e7\u00e3o lato sensu, nas modalidades presencial e a dist\u00e2ncia.<\/li>\n<li>&gt;\u00a0<a href=\"https:\/\/www.pdi.uema.br\/wp-content\/uploads\/2020\/06\/PORTARIA-N\u00ba-315-DE-4-DE-ABRIL-DE-2018.pdf\">VISUALIZE AQUI<\/a><\/li>\n<\/ul>\n<p>&nbsp;<\/p>\n<ul>\n<li><strong><strong>2 &#8211;\u00a0<\/strong><\/strong><strong>PORTARIA MEC\u00a0N.\u00ba 2.117, DE 06 DE DEZEMBRO DE 2019<\/strong><strong><strong>\u00a0&#8211;\u00a0<\/strong><\/strong>Disp\u00f5e sobre a oferta de carga hor\u00e1ria na modalidade de Ensino a Dist\u00e2ncia e em cursos de gradua\u00e7\u00e3o presenciais ofertados por Institui\u00e7\u00f5es de Educa\u00e7\u00e3o Superior, pertencentes ao Sistema Federal de Ensino.<\/li>\n<li>&gt;\u00a0<a href=\"https:\/\/www.pdi.uema.br\/wp-content\/uploads\/2020\/06\/PORTARIA-N\u00ba-2.117-DE-6-DE-DEZEMBRO-DE-2019.pdf\">VISUALIZE AQUI<\/a><\/li>\n<\/ul>\n<p>&nbsp;<\/p>\n<ul>\n<li><strong><strong>3 &#8211; P<\/strong><\/strong><strong>ORTARIA NORMATIVA N.\u00ba 21, DE 21 DE DEZEMBRO DE 2017\u00a0<\/strong><strong> &#8211;\u00a0<\/strong>Disp\u00f5e sobre o sistema e-MEC: sistema eletr\u00f4nico de fluxo de trabalho e gerenciamento de informa\u00e7\u00f5es relativas aos processos de regula\u00e7\u00e3o, avalia\u00e7\u00e3o e supervis\u00e3o da educa\u00e7\u00e3o no Sistema Federal de Educa\u00e7\u00e3o, e o Cadastro Nacional de Cursos e Institui\u00e7\u00f5es de Educa\u00e7\u00e3o Superior \u2013 Cadastro e-MEC.<\/li>\n<li>&gt;\u00a0<a href=\"https:\/\/www.pdi.uema.br\/wp-content\/uploads\/2020\/06\/PORTARIA-N\u00ba-21-DE-21-DE-DEZEMBRO-DE-2017.pdf\">VISUALIZE AQUI<\/a><\/li>\n<\/ul>\n<p>&nbsp;<\/p>\n<ul>\n<li><strong><strong>4 &#8211;\u00a0<strong>PORTARIA N.\u00ba 1.095, DE 25 DE OUTUBRO DE 2018\u00a0<\/strong><\/strong><\/strong><strong> &#8211;\u00a0<\/strong>Disp\u00f5e sobre a expedi\u00e7\u00e3o e o registro de diplomas de cursos superiores de gradua\u00e7\u00e3o no \u00e2mbito do Sistema Federal de Ensino.<\/li>\n<li>&gt;\u00a0<a href=\"https:\/\/www.pdi.uema.br\/wp-content\/uploads\/2020\/06\/PORTARIA-N\u00b0-1.095-DE-25-DE-OUTUBRO-DE-2018.pdf\">VISUALIZE AQUI<\/a><\/li>\n<\/ul>\n<p>&nbsp;<\/p>\n<ul>\n<li><strong><strong>5 &#8211;\u00a0<\/strong><\/strong><strong>PORTARIA NORMATIVA N.\u00ba 742, DE 2 DE AGOSTO DE 2018\u00a0<\/strong><strong> &#8211;\u00a0<\/strong>Altera a Portaria Normativa n.\u00ba 23, de 21 de dezembro de 2017, que disp\u00f5e sobre os fluxos dos processos de credenciamento e recredenciamento de Institui\u00e7\u00f5es de Educa\u00e7\u00e3o Superior e de autoriza\u00e7\u00e3o, reconhecimento e renova\u00e7\u00e3o de reconhecimento de cursos superiores, bem como seus aditamentos.<\/li>\n<li>&gt;\u00a0<a href=\"https:\/\/www.pdi.uema.br\/wp-content\/uploads\/2020\/06\/PORTARIA-NORMATIVA-NO-742-DE-2-DE-AGOSTO-DE-2018.pdf\">VISUALIZE AQUI<\/a><\/li>\n<\/ul>\n<p>&nbsp;<\/p>\n<ul>\n<li><strong><strong>6 &#8211;\u00a0<\/strong><\/strong><strong>PORTARIA NORMATIVA N.\u00ba 11, DE 20 DE JUNHO DE 2017\u00a0<\/strong><strong> &#8211;\u00a0<\/strong>Estabelece normas para o credenciamento de institui\u00e7\u00f5es e a oferta de cursos superiores a dist\u00e2ncia, em conformidade com o Decreto n.\u00ba 9.057, de 25 de maio de 2017.<\/li>\n<li>&gt;\u00a0<a href=\"https:\/\/www.pdi.uema.br\/wp-content\/uploads\/2020\/06\/PORTARIA-NORMATIVA-N\u00ba-11-DE-20-DE-JUNHO-DE-2017.pdf\">VISUALIZE AQUI<\/a><\/li>\n<\/ul>\n<p>&nbsp;<\/p>\n<ul>\n<li><strong>7\u00a0&#8211; PORTARIA NORMATIVA N.\u00ba 204, DE JUNHO DE 2020 &#8211;\u00a0 <\/strong>Designa a Comiss\u00e3o Executiva do Plano de Desenvolvimento Institucional da Universidade Estadual do Maranh\u00e3o.<\/li>\n<li>&gt; <a href=\"https:\/\/www.pdi.uema.br\/wp-content\/uploads\/2020\/06\/Portaria-Comiss\u00e3o-Executiva-PDI.pdf\">VISUALIZE AQUI<\/a><\/li>\n<\/ul>\n","protected":false},"excerpt":{"rendered":"<p>1 &#8211;\u00a0PORTARIA N.\u00ba 315, DE 4 DE ABRIL DE 2018\u00a0 &#8211;\u00a0Disp\u00f5e sobre os procedimentos de supervis\u00e3o e monitoramento de institui\u00e7\u00f5es de educa\u00e7\u00e3o superior integrantes do Sistema Federal de Ensino e de cursos superiores de gradua\u00e7\u00e3o e de p\u00f3s-gradua\u00e7\u00e3o lato sensu, nas modalidades presencial e a dist\u00e2ncia. &gt;\u00a0VISUALIZE AQUI &nbsp; 2 &#8211;\u00a0PORTARIA MEC\u00a0N.\u00ba 2.117, DE 06<\/p>\n<div class=\"read-more\"><a href=\"https:\/\/www.pdi.uema.br\/?page_id=4429\" title=\"Leia Mais\">Leia Mais<\/a><\/div>\n","protected":false},"author":1,"featured_media":0,"parent":4395,"menu_order":0,"comment_status":"open","ping_status":"open","template":"","meta":{"footnotes":""},"class_list":["post-4429","page","type-page","status-publish"],"_links":{"self":[{"href":"https:\/\/www.pdi.uema.br\/index.php?rest_route=\/wp\/v2\/pages\/4429","targetHints":{"allow":["GET"]}}],"collection":[{"href":"https:\/\/www.pdi.uema.br\/index.php?rest_route=\/wp\/v2\/pages"}],"about":[{"href":"https:\/\/www.pdi.uema.br\/index.php?rest_route=\/wp\/v2\/types\/page"}],"author":[{"embeddable":true,"href":"https:\/\/www.pdi.uema.br\/index.php?rest_route=\/wp\/v2\/users\/1"}],"replies":[{"embeddable":true,"href":"https:\/\/www.pdi.uema.br\/index.php?rest_route=%2Fwp%2Fv2%2Fcomments&post=4429"}],"version-history":[{"count":15,"href":"https:\/\/www.pdi.uema.br\/index.php?rest_route=\/wp\/v2\/pages\/4429\/revisions"}],"predecessor-version":[{"id":4811,"href":"https:\/\/www.pdi.uema.br\/index.php?rest_route=\/wp\/v2\/pages\/4429\/revisions\/4811"}],"up":[{"embeddable":true,"href":"https:\/\/www.pdi.uema.br\/index.php?rest_route=\/wp\/v2\/pages\/4395"}],"wp:attachment":[{"href":"https:\/\/www.pdi.uema.br\/index.php?rest_route=%2Fwp%2Fv2%2Fmedia&parent=4429"}],"curies":[{"name":"wp","href":"https:\/\/api.w.org\/{rel}","templated":true}]}}