{"id":4433,"date":"2020-06-02T01:10:10","date_gmt":"2020-06-02T01:10:10","guid":{"rendered":"http:\/\/www.pdi.uema.br\/?page_id=4433"},"modified":"2022-03-14T14:02:08","modified_gmt":"2022-03-14T14:02:08","slug":"normativas","status":"publish","type":"page","link":"https:\/\/www.pdi.uema.br\/?page_id=4433","title":{"rendered":"Resolu\u00e7\u00f5es"},"content":{"rendered":"<ul>\n<li><strong>1 &#8211; RESOLU\u00c7\u00c3O N\u00ba1080\/2021 (CONSUN\/UEMA), DE 14 DE DEZEMBRO DE 2021 &#8211; <\/strong>Aprova o Plano de Desenvolvimento Institucional (PDI) da Universidade Estadual do Maranh\u00e3o (UEMA), 2021-2025.<\/li>\n<li>&gt;\u00a0<a href=\"https:\/\/www.pdi.uema.br\/wp-content\/uploads\/2020\/06\/Resolu\u00e7\u00e3o-n.\u00ba-1080-2021-CONSUN-UEMA-aprova-o-PDI-2021-2025.pdf\">VISUALIZE AQUI<\/a><\/li>\n<\/ul>\n<p>&nbsp;<\/p>\n<ul>\n<li>2 &#8211; <strong>RESOLU\u00c7\u00c3O N\u00ba109\/2018 (CEE) &#8211;\u00a0<\/strong>Estabelece normas para a Educa\u00e7\u00e3o Superior no Sistema Estadual de Ensino do Maranh\u00e3o e d\u00e1 outras provid\u00eancias.<\/li>\n<li>&gt;\u00a0<a href=\"https:\/\/www.pdi.uema.br\/wp-content\/uploads\/2020\/06\/RESOLU\u00c7\u00c3O-2018-109-1-1.pdf\">VISUALIZE AQUI<\/a><\/li>\n<\/ul>\n","protected":false},"excerpt":{"rendered":"<p>1 &#8211; RESOLU\u00c7\u00c3O N\u00ba1080\/2021 (CONSUN\/UEMA), DE 14 DE DEZEMBRO DE 2021 &#8211; Aprova o Plano de Desenvolvimento Institucional (PDI) da Universidade Estadual do Maranh\u00e3o (UEMA), 2021-2025. &gt;\u00a0VISUALIZE AQUI &nbsp; 2 &#8211; RESOLU\u00c7\u00c3O N\u00ba109\/2018 (CEE) &#8211;\u00a0Estabelece normas para a Educa\u00e7\u00e3o Superior no Sistema Estadual de Ensino do Maranh\u00e3o e d\u00e1 outras provid\u00eancias. &gt;\u00a0VISUALIZE AQUI<\/p>\n","protected":false},"author":1,"featured_media":0,"parent":4395,"menu_order":0,"comment_status":"open","ping_status":"open","template":"","meta":{"footnotes":""},"class_list":["post-4433","page","type-page","status-publish"],"_links":{"self":[{"href":"https:\/\/www.pdi.uema.br\/index.php?rest_route=\/wp\/v2\/pages\/4433","targetHints":{"allow":["GET"]}}],"collection":[{"href":"https:\/\/www.pdi.uema.br\/index.php?rest_route=\/wp\/v2\/pages"}],"about":[{"href":"https:\/\/www.pdi.uema.br\/index.php?rest_route=\/wp\/v2\/types\/page"}],"author":[{"embeddable":true,"href":"https:\/\/www.pdi.uema.br\/index.php?rest_route=\/wp\/v2\/users\/1"}],"replies":[{"embeddable":true,"href":"https:\/\/www.pdi.uema.br\/index.php?rest_route=%2Fwp%2Fv2%2Fcomments&post=4433"}],"version-history":[{"count":4,"href":"https:\/\/www.pdi.uema.br\/index.php?rest_route=\/wp\/v2\/pages\/4433\/revisions"}],"predecessor-version":[{"id":5050,"href":"https:\/\/www.pdi.uema.br\/index.php?rest_route=\/wp\/v2\/pages\/4433\/revisions\/5050"}],"up":[{"embeddable":true,"href":"https:\/\/www.pdi.uema.br\/index.php?rest_route=\/wp\/v2\/pages\/4395"}],"wp:attachment":[{"href":"https:\/\/www.pdi.uema.br\/index.php?rest_route=%2Fwp%2Fv2%2Fmedia&parent=4433"}],"curies":[{"name":"wp","href":"https:\/\/api.w.org\/{rel}","templated":true}]}}