{"id":4437,"date":"2020-06-02T01:12:10","date_gmt":"2020-06-02T01:12:10","guid":{"rendered":"http:\/\/www.pdi.uema.br\/?page_id=4437"},"modified":"2023-06-01T14:45:45","modified_gmt":"2023-06-01T14:45:45","slug":"o-que-e","status":"publish","type":"page","link":"https:\/\/www.pdi.uema.br\/?page_id=4437","title":{"rendered":"O que \u00e9?"},"content":{"rendered":"<p>\u00c9 o principal instrumento de execu\u00e7\u00e3o anual das diretrizes estabelecidas no Plano de Desenvolvimento Institucional (PDI) pelas unidades estrat\u00e9gicas e t\u00e1ticas da UEMA. O PGA torna-se o mecanismo de incorpora\u00e7\u00e3o das diretrizes do PDI, dos resultados da Avalia\u00e7\u00e3o da Gradua\u00e7\u00e3o (AVALGRAD), da Autoavalia\u00e7\u00e3o Institucional da Comiss\u00e3o Pr\u00f3pria de Avalia\u00e7\u00e3o, das avalia\u00e7\u00f5es do Conselho Estadual de Educa\u00e7\u00e3o (CEE) e do Minist\u00e9rio da Educa\u00e7\u00e3o (MEC) e de outras avalia\u00e7\u00f5es externas.<\/p>\n<h2>Para que serve?<\/h2>\n<p>O PGA enseja a an\u00e1lise das potencialidades e fragilidades institucionais que devem ser utilizadas para a elabora\u00e7\u00e3o de planos e tomada de decis\u00e3o que busquem solu\u00e7\u00f5es para a melhoria cont\u00ednua da qualidade do ensino, pesquisa, extens\u00e3o e gest\u00e3o no \u00e2mbito acad\u00eamico e do compromisso social enquanto Institui\u00e7\u00e3o de ensino p\u00fablico e gratuito, nos objetivos que almeja e nos valores que a norteia.<\/p>\n","protected":false},"excerpt":{"rendered":"<p>\u00c9 o principal instrumento de execu\u00e7\u00e3o anual das diretrizes estabelecidas no Plano de Desenvolvimento Institucional (PDI) pelas unidades estrat\u00e9gicas e t\u00e1ticas da UEMA. O PGA torna-se o mecanismo de incorpora\u00e7\u00e3o das diretrizes do PDI, dos resultados da Avalia\u00e7\u00e3o da Gradua\u00e7\u00e3o (AVALGRAD), da Autoavalia\u00e7\u00e3o Institucional da Comiss\u00e3o Pr\u00f3pria de Avalia\u00e7\u00e3o, das avalia\u00e7\u00f5es do Conselho Estadual de<\/p>\n<div class=\"read-more\"><a href=\"https:\/\/www.pdi.uema.br\/?page_id=4437\" title=\"Leia Mais\">Leia Mais<\/a><\/div>\n","protected":false},"author":1,"featured_media":0,"parent":4435,"menu_order":0,"comment_status":"open","ping_status":"open","template":"","meta":{"footnotes":""},"class_list":["post-4437","page","type-page","status-publish"],"_links":{"self":[{"href":"https:\/\/www.pdi.uema.br\/index.php?rest_route=\/wp\/v2\/pages\/4437","targetHints":{"allow":["GET"]}}],"collection":[{"href":"https:\/\/www.pdi.uema.br\/index.php?rest_route=\/wp\/v2\/pages"}],"about":[{"href":"https:\/\/www.pdi.uema.br\/index.php?rest_route=\/wp\/v2\/types\/page"}],"author":[{"embeddable":true,"href":"https:\/\/www.pdi.uema.br\/index.php?rest_route=\/wp\/v2\/users\/1"}],"replies":[{"embeddable":true,"href":"https:\/\/www.pdi.uema.br\/index.php?rest_route=%2Fwp%2Fv2%2Fcomments&post=4437"}],"version-history":[{"count":5,"href":"https:\/\/www.pdi.uema.br\/index.php?rest_route=\/wp\/v2\/pages\/4437\/revisions"}],"predecessor-version":[{"id":5634,"href":"https:\/\/www.pdi.uema.br\/index.php?rest_route=\/wp\/v2\/pages\/4437\/revisions\/5634"}],"up":[{"embeddable":true,"href":"https:\/\/www.pdi.uema.br\/index.php?rest_route=\/wp\/v2\/pages\/4435"}],"wp:attachment":[{"href":"https:\/\/www.pdi.uema.br\/index.php?rest_route=%2Fwp%2Fv2%2Fmedia&parent=4437"}],"curies":[{"name":"wp","href":"https:\/\/api.w.org\/{rel}","templated":true}]}}