{"id":4443,"date":"2020-06-02T01:12:51","date_gmt":"2020-06-02T01:12:51","guid":{"rendered":"http:\/\/www.pdi.uema.br\/?page_id=4443"},"modified":"2023-06-15T17:53:13","modified_gmt":"2023-06-15T17:53:13","slug":"referencias","status":"publish","type":"page","link":"https:\/\/www.pdi.uema.br\/?page_id=4443","title":{"rendered":"Refer\u00eancias"},"content":{"rendered":"<h4 style=\"text-align: left;\">&#8211; FORMUL\u00c1RIO PGA 2023<\/h4>\n<ul>\n<li style=\"text-align: left;\"><a href=\"https:\/\/forms.office.com\/r\/4HhLptX6DJ\">UNIDADE ESTRAT\u00c9GICA\u00a0<\/a><\/li>\n<li style=\"text-align: left;\"><a href=\"https:\/\/forms.office.com\/r\/gjVSA6jfT0\">UNIDADE T\u00c1TICA<\/a><\/li>\n<\/ul>\n<h4 style=\"text-align: left;\">&#8211;\u00a0<a href=\"https:\/\/www.cpa.uema.br\/?page_id=118\">RELAT\u00d3RIO AUTOAVALIA\u00c7\u00c3O INSTITUCIONAL<\/a><\/h4>\n<h4>&#8211;\u00a0<a href=\"https:\/\/dados.uema.br\/\"><b>DADOS ESTAT\u00cdSTICOS<\/b><\/a><\/h4>\n<h4>&#8211;\u00a0<a href=\"https:\/\/dados.uema.br\/avaliacao-academica-enade\/\"><b>AVALIA\u00c7\u00c3O ACAD\u00caMICA (ENADE)<\/b><\/a><\/h4>\n<h4>&#8211; <a href=\"https:\/\/dados.uema.br\/anuarios-anteriores\/\">ANU\u00c1RIO 2022<\/a><\/h4>\n<h4>&#8211;\u00a0<a href=\"https:\/\/uemabr-my.sharepoint.com\/:b:\/g\/personal\/pdi_uema_br\/EXaI6GbOeqpNq4e8UMWfxgsB_umVscZV3Uhs8_5n7sDXuw?e=ydmGza\"><b>RELAT\u00d3RIO FINAL CEE &#8211; RECREDENCIAMENTO UEMA<\/b><\/a><\/h4>\n<h4 style=\"text-align: left;\">&#8211;\u00a0<a href=\"https:\/\/www.pdi.uema.br\/wp-content\/uploads\/2020\/06\/CATEGORIAS-DO-PGA_2023.pdf\">CATEGORIAS DE ALOCA\u00c7\u00c3O DAS A\u00c7\u00d5ES DO PGA<\/a><\/h4>\n","protected":false},"excerpt":{"rendered":"<p>&#8211; FORMUL\u00c1RIO PGA 2023 UNIDADE ESTRAT\u00c9GICA\u00a0 UNIDADE T\u00c1TICA &#8211;\u00a0RELAT\u00d3RIO AUTOAVALIA\u00c7\u00c3O INSTITUCIONAL &#8211;\u00a0DADOS ESTAT\u00cdSTICOS &#8211;\u00a0AVALIA\u00c7\u00c3O ACAD\u00caMICA (ENADE) &#8211; ANU\u00c1RIO 2022 &#8211;\u00a0RELAT\u00d3RIO FINAL CEE &#8211; RECREDENCIAMENTO UEMA &#8211;\u00a0CATEGORIAS DE ALOCA\u00c7\u00c3O DAS A\u00c7\u00d5ES DO PGA<\/p>\n","protected":false},"author":1,"featured_media":0,"parent":4435,"menu_order":0,"comment_status":"open","ping_status":"open","template":"","meta":{"footnotes":""},"class_list":["post-4443","page","type-page","status-publish"],"_links":{"self":[{"href":"https:\/\/www.pdi.uema.br\/index.php?rest_route=\/wp\/v2\/pages\/4443","targetHints":{"allow":["GET"]}}],"collection":[{"href":"https:\/\/www.pdi.uema.br\/index.php?rest_route=\/wp\/v2\/pages"}],"about":[{"href":"https:\/\/www.pdi.uema.br\/index.php?rest_route=\/wp\/v2\/types\/page"}],"author":[{"embeddable":true,"href":"https:\/\/www.pdi.uema.br\/index.php?rest_route=\/wp\/v2\/users\/1"}],"replies":[{"embeddable":true,"href":"https:\/\/www.pdi.uema.br\/index.php?rest_route=%2Fwp%2Fv2%2Fcomments&post=4443"}],"version-history":[{"count":13,"href":"https:\/\/www.pdi.uema.br\/index.php?rest_route=\/wp\/v2\/pages\/4443\/revisions"}],"predecessor-version":[{"id":5708,"href":"https:\/\/www.pdi.uema.br\/index.php?rest_route=\/wp\/v2\/pages\/4443\/revisions\/5708"}],"up":[{"embeddable":true,"href":"https:\/\/www.pdi.uema.br\/index.php?rest_route=\/wp\/v2\/pages\/4435"}],"wp:attachment":[{"href":"https:\/\/www.pdi.uema.br\/index.php?rest_route=%2Fwp%2Fv2%2Fmedia&parent=4443"}],"curies":[{"name":"wp","href":"https:\/\/api.w.org\/{rel}","templated":true}]}}