{"id":4445,"date":"2020-06-02T01:13:25","date_gmt":"2020-06-02T01:13:25","guid":{"rendered":"http:\/\/www.pdi.uema.br\/?page_id=4445"},"modified":"2022-03-14T13:53:28","modified_gmt":"2022-03-14T13:53:28","slug":"avaliacao-pdi","status":"publish","type":"page","link":"https:\/\/www.pdi.uema.br\/?page_id=4445","title":{"rendered":"Avalia\u00e7\u00e3o PDI"},"content":{"rendered":"<h1>Relat\u00f3rio de Acompanhamento do PDI (2016-2020)<\/h1>\n<p><a href=\"https:\/\/www.pdi.uema.br\/wp-content\/uploads\/2020\/06\/Relat\u00f3rio-de-Acompanhamento-do-PDI-2016-2020.pdf\">CLIQUE AQUI PARA ACESSAR<\/a><\/p>\n","protected":false},"excerpt":{"rendered":"<p>Relat\u00f3rio de Acompanhamento do PDI (2016-2020) CLIQUE AQUI PARA ACESSAR<\/p>\n","protected":false},"author":1,"featured_media":0,"parent":4395,"menu_order":0,"comment_status":"open","ping_status":"open","template":"","meta":{"footnotes":""},"class_list":["post-4445","page","type-page","status-publish"],"_links":{"self":[{"href":"https:\/\/www.pdi.uema.br\/index.php?rest_route=\/wp\/v2\/pages\/4445","targetHints":{"allow":["GET"]}}],"collection":[{"href":"https:\/\/www.pdi.uema.br\/index.php?rest_route=\/wp\/v2\/pages"}],"about":[{"href":"https:\/\/www.pdi.uema.br\/index.php?rest_route=\/wp\/v2\/types\/page"}],"author":[{"embeddable":true,"href":"https:\/\/www.pdi.uema.br\/index.php?rest_route=\/wp\/v2\/users\/1"}],"replies":[{"embeddable":true,"href":"https:\/\/www.pdi.uema.br\/index.php?rest_route=%2Fwp%2Fv2%2Fcomments&post=4445"}],"version-history":[{"count":3,"href":"https:\/\/www.pdi.uema.br\/index.php?rest_route=\/wp\/v2\/pages\/4445\/revisions"}],"predecessor-version":[{"id":5044,"href":"https:\/\/www.pdi.uema.br\/index.php?rest_route=\/wp\/v2\/pages\/4445\/revisions\/5044"}],"up":[{"embeddable":true,"href":"https:\/\/www.pdi.uema.br\/index.php?rest_route=\/wp\/v2\/pages\/4395"}],"wp:attachment":[{"href":"https:\/\/www.pdi.uema.br\/index.php?rest_route=%2Fwp%2Fv2%2Fmedia&parent=4445"}],"curies":[{"name":"wp","href":"https:\/\/api.w.org\/{rel}","templated":true}]}}