{"id":5234,"date":"2023-03-01T12:46:47","date_gmt":"2023-03-01T12:46:47","guid":{"rendered":"https:\/\/www.pdi.uema.br\/?page_id=5234"},"modified":"2023-05-11T13:51:08","modified_gmt":"2023-05-11T13:51:08","slug":"vi-simposio-de-planejamento-institucional","status":"publish","type":"page","link":"https:\/\/www.pdi.uema.br\/?page_id=5234","title":{"rendered":"VI Simp\u00f3sio de Planejamento Institucional"},"content":{"rendered":"<p>S\u00e3o Lu\u00eds, 18 de abril de 2022 &#8211;\u00a0a Universidade Estadual do Maranh\u00e3o \u2013 UEMA, em conjunto com a Pr\u00f3-Reitoria de Planejamento e Administra\u00e7\u00e3o, realizou o VI Simp\u00f3sio de Planejamento Institucional, numa din\u00e2mica h\u00edbrida (presencial e on-line), voltado para os gestores de todas as unidades e n\u00edveis da Universidade, com o objetivo de discutir a tem\u00e1tica: \u201cA Universidade e os desafios p\u00f3s-pandemia: repensando os macroprocessos\u201d.<\/p>\n<p><a href=\"https:\/\/www.pdi.uema.br\/wp-content\/uploads\/2022\/04\/20220418_142336.jpg\" rel=\"prettyPhoto\"><img loading=\"lazy\" decoding=\"async\" class=\"wp-image-5113 no-display appear aligncenter\" src=\"https:\/\/www.pdi.uema.br\/wp-content\/uploads\/2022\/04\/20220418_142336-300x225.jpg\" alt=\"20220418_142336\" width=\"516\" height=\"387\" srcset=\"https:\/\/www.pdi.uema.br\/wp-content\/uploads\/2022\/04\/20220418_142336-300x225.jpg 300w, https:\/\/www.pdi.uema.br\/wp-content\/uploads\/2022\/04\/20220418_142336-1024x768.jpg 1024w, https:\/\/www.pdi.uema.br\/wp-content\/uploads\/2022\/04\/20220418_142336-24x18.jpg 24w, https:\/\/www.pdi.uema.br\/wp-content\/uploads\/2022\/04\/20220418_142336-36x27.jpg 36w, https:\/\/www.pdi.uema.br\/wp-content\/uploads\/2022\/04\/20220418_142336-48x36.jpg 48w\" sizes=\"auto, (max-width: 516px) 100vw, 516px\" \/><\/a><\/p>\n<p>Deram in\u00edcio \u00e0 programa\u00e7\u00e3o, o Reitor Gustavo Costa e o Vice-Reitor Walter Canales, que proferiram a palestra de abertura do evento, ao chamar aten\u00e7\u00e3o para os desafios superados e os que est\u00e3o a ser enfrentados pela Universidade. Depois da palestra magna de abertura, entrou em exposi\u00e7\u00e3o o Painel PDI 2021\/2025, onde foram discutidas as pol\u00edticas transversais contempladas no novo Plano: educa\u00e7\u00e3o flex\u00edvel, sustentabilidade, inova\u00e7\u00e3o e internacionaliza\u00e7\u00e3o; al\u00e9m da pesquisa, ensino, extens\u00e3o e empreendedorismo, proferidas pelos Pr\u00f3-Reitores de Gradua\u00e7\u00e3o, Fab\u00edola Santana; de Extens\u00e3o, Paulo Catunda; e de Pesquisa, Rita Seabra. Em seguida, a Prof.\u00aa Ariadne Rocha apresentou aos gestores presentes a Agenda 2030 dos 17 Objetivos do Desenvolvimento Sustent\u00e1vel, passando a palavra de encerramento da se\u00e7\u00e3o para o Pr\u00f3-Reitor de Gest\u00e3o de Pessoas, R\u00f4mulo Travassos, que explanou as pol\u00edticas do Eixo 7 do PDI: Corpo Docente e T\u00e9cnico-Administrativo.<\/p>\n<p><a href=\"https:\/\/www.proplad.uema.br\/wp-content\/uploads\/2022\/04\/20220418_1510031.jpg\" rel=\"prettyPhoto\"><img loading=\"lazy\" decoding=\"async\" class=\"wp-image-1259 no-display appear\" src=\"https:\/\/www.proplad.uema.br\/wp-content\/uploads\/2022\/04\/20220418_1510031-262x300.jpg\" alt=\"20220418_151003\" width=\"308\" height=\"353\" \/><\/a><\/p>\n<p>De acordo com o reitor, Gustavo Pereira da Costa, \u201ceste PDI \u00e9 a express\u00e3o n\u00e3o do que a Uema quer ser quando crescer, a Uema j\u00e1 \u00e9 grande, pois mostrou-se grande durante a pandemia, n\u00f3s nos superamos, e o que este PDI, hoje, se prop\u00f5e a ser \u00e9 definitivamente a nossa conex\u00e3o com o futuro, \u00e9 um convite a reflex\u00e3o cr\u00edtica, a reafirma\u00e7\u00e3o de compromissos. Portanto, meus amigos, o PDI \u00e9 uma carta de vontades e ela pertence a todos n\u00f3s\u201d.<\/p>\n<p>O vice-reitor, Walter Canales, destacou: \u201cO PDI \u00e9 um documento que precisamos seguir nos pr\u00f3ximos anos e temos que lev\u00e1-lo ao conhecimento do maior n\u00famero de pessoas, para que todos entendam essa trilha que a Universidade projetou para o futuro, mas tendo a consci\u00eancia de que algo deve ser adaptado dentro desse percurso. \u00a0Portanto, precisamos trabalhar e entender esse planejamento para que possamos coloc\u00e1-lo em pr\u00e1tica\u201d.<\/p>\n<p><a href=\"https:\/\/www.pdi.uema.br\/wp-content\/uploads\/2022\/04\/4382c251-c3e0-4a14-93c9-aab83fb8d9b2.jpg\" rel=\"prettyPhoto\"><img loading=\"lazy\" decoding=\"async\" class=\"wp-image-5114 no-display appear aligncenter\" src=\"https:\/\/www.pdi.uema.br\/wp-content\/uploads\/2022\/04\/4382c251-c3e0-4a14-93c9-aab83fb8d9b2-300x137.jpg\" alt=\"4382c251-c3e0-4a14-93c9-aab83fb8d9b2\" width=\"383\" height=\"175\" srcset=\"https:\/\/www.pdi.uema.br\/wp-content\/uploads\/2022\/04\/4382c251-c3e0-4a14-93c9-aab83fb8d9b2-300x137.jpg 300w, https:\/\/www.pdi.uema.br\/wp-content\/uploads\/2022\/04\/4382c251-c3e0-4a14-93c9-aab83fb8d9b2-1024x469.jpg 1024w, https:\/\/www.pdi.uema.br\/wp-content\/uploads\/2022\/04\/4382c251-c3e0-4a14-93c9-aab83fb8d9b2-24x11.jpg 24w, https:\/\/www.pdi.uema.br\/wp-content\/uploads\/2022\/04\/4382c251-c3e0-4a14-93c9-aab83fb8d9b2-36x16.jpg 36w, https:\/\/www.pdi.uema.br\/wp-content\/uploads\/2022\/04\/4382c251-c3e0-4a14-93c9-aab83fb8d9b2-48x22.jpg 48w, https:\/\/www.pdi.uema.br\/wp-content\/uploads\/2022\/04\/4382c251-c3e0-4a14-93c9-aab83fb8d9b2.jpg 1181w\" sizes=\"auto, (max-width: 383px) 100vw, 383px\" \/><\/a><img decoding=\"async\" class=\"no-display appear\" src=\"blob:https:\/\/web.whatsapp.com\/4382c251-c3e0-4a14-93c9-aab83fb8d9b2\" alt=\"\" \/><\/p>\n<p>Os painelistas trouxeram ao debate temas dos mais atuais no \u00e2mbito educacional e de gest\u00e3o universit\u00e1ria, a Prof.\u00aa Fab\u00edola Santana (PROG) destacou a import\u00e2ncia da Universidade estar n\u00e3o s\u00f3 atenta como a par das novas modalidades de ensino suscitadas no contexto p\u00f3s-pand\u00eamico; o Prof. Paulo Catunda (PROEXAE) falou dos impactos sociais que os programas de extens\u00e3o universit\u00e1ria podem e devem trazer ao estado do Maranh\u00e3o; j\u00e1 a Prof.\u00aa Rita Seabra (PPG) explanou sobre qual a situa\u00e7\u00e3o da Uema frente aos novos padr\u00f5es\u00a0de excel\u00eancia considerados pela CAPES para os programas de p\u00f3s-gradua\u00e7\u00e3o (lato e stricto sensu).<\/p>\n<p><a href=\"https:\/\/www.pdi.uema.br\/wp-content\/uploads\/2022\/04\/717dd9f8-c5cf-4133-a233-c3401573abf4.jpg\" rel=\"prettyPhoto\"><img loading=\"lazy\" decoding=\"async\" class=\"size-medium wp-image-5115 no-display appear aligncenter\" src=\"https:\/\/www.pdi.uema.br\/wp-content\/uploads\/2022\/04\/717dd9f8-c5cf-4133-a233-c3401573abf4-300x225.jpg\" alt=\"717dd9f8-c5cf-4133-a233-c3401573abf4\" width=\"300\" height=\"225\" srcset=\"https:\/\/www.pdi.uema.br\/wp-content\/uploads\/2022\/04\/717dd9f8-c5cf-4133-a233-c3401573abf4-300x225.jpg 300w, https:\/\/www.pdi.uema.br\/wp-content\/uploads\/2022\/04\/717dd9f8-c5cf-4133-a233-c3401573abf4-1024x768.jpg 1024w, https:\/\/www.pdi.uema.br\/wp-content\/uploads\/2022\/04\/717dd9f8-c5cf-4133-a233-c3401573abf4-24x18.jpg 24w, https:\/\/www.pdi.uema.br\/wp-content\/uploads\/2022\/04\/717dd9f8-c5cf-4133-a233-c3401573abf4-36x27.jpg 36w, https:\/\/www.pdi.uema.br\/wp-content\/uploads\/2022\/04\/717dd9f8-c5cf-4133-a233-c3401573abf4-48x36.jpg 48w, https:\/\/www.pdi.uema.br\/wp-content\/uploads\/2022\/04\/717dd9f8-c5cf-4133-a233-c3401573abf4.jpg 1280w\" sizes=\"auto, (max-width: 300px) 100vw, 300px\" \/><\/a><\/p>\n<p><a href=\"https:\/\/www.pdi.uema.br\/wp-content\/uploads\/2022\/04\/20220418_1736161.jpg\" rel=\"prettyPhoto\"><img loading=\"lazy\" decoding=\"async\" class=\"size-medium wp-image-5117 no-display appear aligncenter\" src=\"https:\/\/www.pdi.uema.br\/wp-content\/uploads\/2022\/04\/20220418_1736161-300x248.jpg\" alt=\"20220418_173616\" width=\"300\" height=\"248\" srcset=\"https:\/\/www.pdi.uema.br\/wp-content\/uploads\/2022\/04\/20220418_1736161-300x248.jpg 300w, https:\/\/www.pdi.uema.br\/wp-content\/uploads\/2022\/04\/20220418_1736161-1024x846.jpg 1024w, https:\/\/www.pdi.uema.br\/wp-content\/uploads\/2022\/04\/20220418_1736161-24x20.jpg 24w, https:\/\/www.pdi.uema.br\/wp-content\/uploads\/2022\/04\/20220418_1736161-36x30.jpg 36w, https:\/\/www.pdi.uema.br\/wp-content\/uploads\/2022\/04\/20220418_1736161-48x40.jpg 48w\" sizes=\"auto, (max-width: 300px) 100vw, 300px\" \/><\/a><\/p>\n<p>Para encerrar o VI Simp\u00f3sio, o Pr\u00f3-Reitor de Planejamento e Administra\u00e7\u00e3o, Roberto Serra, junto aos membros que coordenaram a elabora\u00e7\u00e3o do Plano de Desenvolvimento Institucional (2021-2025), Prof. Mauro Carozzo, Carlos Ronchi e Ariana Pimentel, apresentaram as ferramentas do PDI em A\u00e7\u00e3o e deram a largada oficial para a Temporada de Planejamento do ano de 2022.<\/p>\n<p>Neste momento, o Prof. Roberto Serra (PROPLAD) exemplificou de que o processo de elabora\u00e7\u00e3o do PDI ao ser constru\u00eddo em conjunto e em debate participativo com representantes de todas as unidades e membros da comunidade acad\u00eamica, \u00e9 um grande recorte do que deve ser refletido em todas as a\u00e7\u00f5es da Uema: que precisam e devem estar alinhadas e coparticipadas entre todos, uma vez que os gestores est\u00e3o comprometidos n\u00e3o apenas com a agenda da sua unidade de trabalho, mas com a miss\u00e3o-mor de desenvolvimento da Universidade em todos os eixos que a constituem.<\/p>\n<p>Ao dar seguimento \u00e0 se\u00e7\u00e3o, o Prof. Mauro Carozzo, que coordenou as atividades desenvolvidas pela Comiss\u00e3o Executiva do PDI, apresentou a Nova Filosofia Institucional da Uema e explicou todos os elementos que ganharam destaque neste novo Plano; al\u00e9m disso, demonstrou a estrutura do novo Plano de Desenvolvimento Institucional, exemplificou um modelo para elabora\u00e7\u00e3o dos Projetos Estrat\u00e9gicos e finalizou com a explana\u00e7\u00e3o de cada uma das etapas do novo modelo de gest\u00e3o do PDI.<\/p>\n<p><a href=\"https:\/\/www.pdi.uema.br\/wp-content\/uploads\/2022\/04\/4aeed30e-4d89-4086-ad54-58d7d1757465.jpg\" rel=\"prettyPhoto\"><img loading=\"lazy\" decoding=\"async\" class=\"size-medium wp-image-5118 no-display appear aligncenter\" src=\"https:\/\/www.pdi.uema.br\/wp-content\/uploads\/2022\/04\/4aeed30e-4d89-4086-ad54-58d7d1757465-300x193.jpg\" alt=\"4aeed30e-4d89-4086-ad54-58d7d1757465\" width=\"300\" height=\"193\" srcset=\"https:\/\/www.pdi.uema.br\/wp-content\/uploads\/2022\/04\/4aeed30e-4d89-4086-ad54-58d7d1757465-300x193.jpg 300w, https:\/\/www.pdi.uema.br\/wp-content\/uploads\/2022\/04\/4aeed30e-4d89-4086-ad54-58d7d1757465-24x15.jpg 24w, https:\/\/www.pdi.uema.br\/wp-content\/uploads\/2022\/04\/4aeed30e-4d89-4086-ad54-58d7d1757465-36x23.jpg 36w, https:\/\/www.pdi.uema.br\/wp-content\/uploads\/2022\/04\/4aeed30e-4d89-4086-ad54-58d7d1757465-48x31.jpg 48w, https:\/\/www.pdi.uema.br\/wp-content\/uploads\/2022\/04\/4aeed30e-4d89-4086-ad54-58d7d1757465.jpg 869w\" sizes=\"auto, (max-width: 300px) 100vw, 300px\" \/><\/a><\/p>\n<p>Logo ap\u00f3s, Ariana Pimentel, Coordenadora de Desenvolvimento Institucional (PROPLAD), apresentou as ferramentas do PDI em A\u00e7\u00e3o: a Plataforma Institucional de reuni\u00f5es no Microsoft Teams; as informa\u00e7\u00f5es e funcionalidades do site p\u00fablico do Plano de Desenvolvimento Institucional (www.pdi.uema.br); o Relat\u00f3rio da Comiss\u00e3o Pr\u00f3pria de Avalia\u00e7\u00e3o, com o qual todos os gestores devem estar sempre em conson\u00e2ncia com a autoavalia\u00e7\u00e3o institucional; \u00a0a nova plataforma direcionada aos gestores de todas as unidades e n\u00edveis da Uema: o PDI em A\u00e7\u00e3o e, por fim, explicou como preencher o Formul\u00e1rio do Plano de Gest\u00e3o Anual. O Prof. Francisco N\u00f3brega, Presidente da Comiss\u00e3o Pr\u00f3pria de Avalia\u00e7\u00e3o, deu seguimento ao encerramento do evento ao explicar e refor\u00e7ar a import\u00e2ncia do comprometimento de todos os gestores da Uema no processo de Autoavalia\u00e7\u00e3o Institucional, coordenado pela CPA.<\/p>\n<p>\u201cO nosso compromisso enquanto corpo gestor com o futuro promissor que espera esta Universidade, \u00e9 pungente, latente e di\u00e1rio. Esperamos que este tenha sido um encontro oportuno, produtivo e enriquecedor de debates e ideias que nos auxiliar\u00e3o nesta nossa miss\u00e3o conjunta em abrir novas portas para a educa\u00e7\u00e3o p\u00fablica e gratuita do nosso Estado, por meio desta Universidade m\u00e3e, que \u00e9 a Uema\u201d, concluiu no seu agradecimento o Prof. Roberto Serra.<\/p>\n<p><a href=\"https:\/\/www.pdi.uema.br\/wp-content\/uploads\/2022\/04\/20220418_171801.jpg\" rel=\"prettyPhoto\"><img loading=\"lazy\" decoding=\"async\" class=\"wp-image-5120 no-display appear aligncenter\" src=\"https:\/\/www.pdi.uema.br\/wp-content\/uploads\/2022\/04\/20220418_171801-300x191.jpg\" alt=\"20220418_171801\" width=\"407\" height=\"259\" srcset=\"https:\/\/www.pdi.uema.br\/wp-content\/uploads\/2022\/04\/20220418_171801-300x191.jpg 300w, https:\/\/www.pdi.uema.br\/wp-content\/uploads\/2022\/04\/20220418_171801-1024x651.jpg 1024w, https:\/\/www.pdi.uema.br\/wp-content\/uploads\/2022\/04\/20220418_171801-24x15.jpg 24w, https:\/\/www.pdi.uema.br\/wp-content\/uploads\/2022\/04\/20220418_171801-36x23.jpg 36w, https:\/\/www.pdi.uema.br\/wp-content\/uploads\/2022\/04\/20220418_171801-48x30.jpg 48w\" sizes=\"auto, (max-width: 407px) 100vw, 407px\" \/><\/a><strong>\u00a0<\/strong><\/p>\n<p><strong>Links r\u00e1pidos de acesso ao:<\/strong><\/p>\n<p>\u2013 Site do PDI:\u00a0<a href=\"http:\/\/www.pdi.uema.br\/\">www.pdi.uema.br<\/a><\/p>\n<p>\u2013 Plataforma PDI em A\u00e7\u00e3o:\u00a0<a href=\"https:\/\/uemabr.sharepoint.com\/sites\/PDIEMACAO\">https:\/\/uemabr.sharepoint.com\/sites\/PDIEMACAO<\/a><\/p>\n<p>\u2013 Formul\u00e1rio do Plano de Gest\u00e3o Anual \u2013 Temporada de Planejamento 2022:\u00a0<a href=\"https:\/\/forms.office.com\/Pages\/ResponsePage.aspx?id=exJh2jKIz0GXjFkYW4SLmEaIL0a4py5IjE46ao2NEedUQ0xBT0RET002STFDWE1QTE8zWFZHNFJMNCQlQCN0PWcu\">https:\/\/forms.office.com\/Pages\/ResponsePage.aspx?id=exJh2jKIz0GXjFkYW4SLmEaIL0a4py5IjE46ao2NEedUQ0xBT0RET002STFDWE1QTE8zWFZHNFJMNCQlQCN0PWcu<\/a><\/p>\n<p>\u2013 Plataforma de Reuni\u00f5es Teams:\u00a0<a href=\"https:\/\/teams.microsoft.com\/l\/team\/19%3aPpaDdhns4Y-UKLxeYWDqGJibnmwx7k15_O6r62MQlg81%40thread.tacv2\/conversations?groupId=f597bf6f-559f-4d84-94c4-9c3ef1c0736b&amp;tenantId=da61127b-8832-41cf-978c-59185b848b98\">https:\/\/teams.microsoft.com\/l\/team\/19%3aPpaDdhns4Y-UKLxeYWDqGJibnmwx7k15_O6r62MQlg81%40thread.tacv2\/conversations?groupId=f597bf6f-559f-4d84-94c4-9c3ef1c0736b&amp;tenantId=da61127b-8832-41cf-978c-59185b848b98<\/a><\/p>\n<p>&nbsp;<\/p>\n","protected":false},"excerpt":{"rendered":"<p>S\u00e3o Lu\u00eds, 18 de abril de 2022 &#8211;\u00a0a Universidade Estadual do Maranh\u00e3o \u2013 UEMA, em conjunto com a Pr\u00f3-Reitoria de Planejamento e Administra\u00e7\u00e3o, realizou o VI Simp\u00f3sio de Planejamento Institucional, numa din\u00e2mica h\u00edbrida (presencial e on-line), voltado para os gestores de todas as unidades e n\u00edveis da Universidade, com o objetivo de discutir a tem\u00e1tica:<\/p>\n<div class=\"read-more\"><a href=\"https:\/\/www.pdi.uema.br\/?page_id=5234\" title=\"Leia Mais\">Leia Mais<\/a><\/div>\n","protected":false},"author":1,"featured_media":0,"parent":0,"menu_order":0,"comment_status":"open","ping_status":"open","template":"","meta":{"footnotes":""},"class_list":["post-5234","page","type-page","status-publish"],"_links":{"self":[{"href":"https:\/\/www.pdi.uema.br\/index.php?rest_route=\/wp\/v2\/pages\/5234","targetHints":{"allow":["GET"]}}],"collection":[{"href":"https:\/\/www.pdi.uema.br\/index.php?rest_route=\/wp\/v2\/pages"}],"about":[{"href":"https:\/\/www.pdi.uema.br\/index.php?rest_route=\/wp\/v2\/types\/page"}],"author":[{"embeddable":true,"href":"https:\/\/www.pdi.uema.br\/index.php?rest_route=\/wp\/v2\/users\/1"}],"replies":[{"embeddable":true,"href":"https:\/\/www.pdi.uema.br\/index.php?rest_route=%2Fwp%2Fv2%2Fcomments&post=5234"}],"version-history":[{"count":3,"href":"https:\/\/www.pdi.uema.br\/index.php?rest_route=\/wp\/v2\/pages\/5234\/revisions"}],"predecessor-version":[{"id":5410,"href":"https:\/\/www.pdi.uema.br\/index.php?rest_route=\/wp\/v2\/pages\/5234\/revisions\/5410"}],"wp:attachment":[{"href":"https:\/\/www.pdi.uema.br\/index.php?rest_route=%2Fwp%2Fv2%2Fmedia&parent=5234"}],"curies":[{"name":"wp","href":"https:\/\/api.w.org\/{rel}","templated":true}]}}